{"id":76655,"date":"2018-01-10T09:10:31","date_gmt":"2018-01-10T08:10:31","guid":{"rendered":"https:\/\/icac.cat\/?page_id=76655"},"modified":"2025-02-07T11:47:04","modified_gmt":"2025-02-07T10:47:04","slug":"personal","status":"publish","type":"page","link":"https:\/\/icac.cat\/es\/quienes-somos\/intranet\/compendio-de-herramientas\/personal\/","title":{"rendered":"Personal"},"content":{"rendered":"<ul>\n<li>Contrataci\u00f3n\n<ul>\n<li><a class=\"icona-pdf\" href=\"https:\/\/icac.cat\/wp-content\/uploads\/2025\/02\/7-002.22-Ins.-Dir.-contrac.-laboral-temp-set22-nom.pdf\" target=\"_blank\" rel=\"noopener\">Instrucci\u00f3 3\/22, de 15 de setembre de 2022, sobre la contractaci\u00f3 laboral indefinida i la de durada determinada a l\u2019ICAC<\/a> (2022)<\/li>\n<li><a href=\"https:\/\/www.youtube.com\/watch?v=g978T58gELo&amp;feature=youtu.be&amp;list=PLIRaTLZqki-CuOpGbTSp_CUgJvyBM_Btj\" target=\"_blank\" rel=\"noopener\">Recruitment Bias in Research Institutes<\/a> (YouTube video)<\/li>\n<\/ul>\n<\/li>\n<li>Riesgos laborales\n<ul>\n<li><a class=\"icona-pdf\" href=\"https:\/\/icac.cat\/wp-content\/uploads\/2017\/10\/Emergencies_cartells.pdf\" target=\"_blank\" rel=\"noopener\">Informaci\u00f3n general sobre emergencias<\/a><\/li>\n<li><a class=\"icona-pdf\" href=\"https:\/\/icac.cat\/wp-content\/uploads\/2017\/04\/G015.3-Tr\u00edptic-emerg\u00e8ncies-primers-auxilis-2.pdf\" target=\"_blank\" rel=\"noopener\">Tr\u00edptico informativo sobre actuaci\u00f3n en casos de emergencias y primeros auxilios<\/a>\u00a0(ICAC)<\/li>\n<li><a class=\"icona-pdf\" href=\"https:\/\/icac.cat\/wp-content\/uploads\/2017\/04\/Normes-actuaci\u00f3-en-cas-emerg\u00e8ncia-5.pdf\" target=\"_blank\" rel=\"noopener\">Normas de actuaci\u00f3n en caso de emergencia en la sede del ICAC<\/a> (ICAC)<\/li>\n<li><a href=\"https:\/\/icac.cat\/wp-content\/uploads\/2017\/10\/posicion-ordi.gif\" target=\"_blank\" rel=\"noopener\">Correcci\u00f3n postural<\/a> (gif)<\/li>\n<li><a class=\"icona-pdf\" href=\"https:\/\/icac.cat\/wp-content\/uploads\/2018\/01\/Cada-pas-compta_Gencat-Trucs-s-casa.pdf\" target=\"_blank\" rel=\"noopener\">10 trucos para ser una persona m\u00e1s activa cuando trabajas o estudias en casa<\/a> (#CadaPasCompta), Generalitat de Catalunya<\/li>\n<\/ul>\n<\/li>\n<li>Horarios\n<ul>\n<li><a class=\"icona-pdf\" href=\"https:\/\/icac.cat\/wp-content\/uploads\/2022\/05\/013.1-Acord-Normativa-teletreball-maig22-no-DNI.pdf\" target=\"_blank\" rel=\"noopener\">Normativa sobre el teletrabajo y el trabajo presencial del personal del Instituto Catal\u00e1n de Arqueolog\u00eda Cl\u00e1sica con motivo de la emergencia\u00a0 sanitaria por la COVID19<\/a>, versi\u00f3n III (mayo 2022)<\/li>\n<li><a class=\"icona-pdf\" href=\"https:\/\/icac.cat\/wp-content\/uploads\/2025\/02\/Pacte-Laboral-200619_anonim.pdf\" target=\"_blank\" rel=\"noopener\">Pacto laboral 2019<\/a><\/li>\n<li><a class=\"icona-pdf\" href=\"https:\/\/icac.cat\/wp-content\/uploads\/2025\/02\/ORDRE-DE-SERVEI-01-25_jornada-laboral.pdf\" target=\"_blank\" rel=\"noopener\">Orden de servicio 01\/25, de 14 de enero de 2025, sobre las modificaciones horarias de la jornada laboral del ICAC que se producir\u00e1n entre los d\u00edas 1 de enero y 31 de diciembre de 2025<\/a> (2025)<\/li>\n<li><a class=\"icona-pdf\" href=\"https:\/\/icac.cat\/wp-content\/uploads\/2025\/02\/Calendari_laboral_2025.pdf\" target=\"_blank\" rel=\"noopener\">Calendario laboral 2025<\/a><\/li>\n<\/ul>\n<\/li>\n<li>Otras\n<ul>\n<li><a class=\"icona-pdf\" href=\"https:\/\/icac.cat\/wp-content\/uploads\/2024\/10\/INSTRUCCIO-2-24-sobre_compatibilitat_jornades_sign.pdf\" target=\"_blank\" rel=\"noopener\">Instrucci\u00f3 2\/24, d\u201911 d\u2019octubre de 2024, sobre la regulaci\u00f3 de la compatibilitat d\u2019activitats a l\u2019Institut Catal\u00e0 d\u2019Arqueologia Cl\u00e0ssica (ICAC)<\/a> (CAT)<\/li>\n<li><a class=\"icona-word\" href=\"https:\/\/icac.cat\/wp-content\/uploads\/2024\/10\/G002.3-Formulari-sol-compatibilitat-TA.docx\" target=\"_blank\" rel=\"noopener\">Solicitud de compatibilidad de actividades<\/a> (CAT\/EN)<\/li>\n<li><a class=\"icona-word\" href=\"https:\/\/icac.cat\/wp-content\/uploads\/2024\/10\/Formulari-desplacaments.docx\" target=\"_blank\" rel=\"noopener\">Comunicaci\u00f3n de viajes al extranjero<\/a> (CAT\/EN &#8211; <em>trips abroad communication<\/em>)<\/li>\n<li><a class=\"icona-word\" href=\"https:\/\/icac.cat\/wp-content\/uploads\/2024\/10\/FORM-viatges-2.docx\" target=\"_blank\" rel=\"noopener\">Solicitud de desplazamiento<\/a> (CAT\/EN &#8211; <em>travel request<\/em>)<\/li>\n<\/ul>\n<\/li>\n<li>Descuentos y ventajas<\/li>\n<\/ul>\n","protected":false},"excerpt":{"rendered":"<p>Contrataci\u00f3n Instrucci\u00f3 3\/22, de 15 de setembre de 2022, sobre la contractaci\u00f3 laboral indefinida i la de durada determinada a l\u2019ICAC (2022) Recruitment Bias in Research Institutes (YouTube video) Riesgos laborales Informaci\u00f3n general sobre emergencias Tr\u00edptico informativo sobre actuaci\u00f3n en casos de emergencias y primeros auxilios\u00a0(ICAC) Normas de actuaci\u00f3n en caso de emergencia en la [&hellip;]<\/p>\n","protected":false},"author":160,"featured_media":0,"parent":29152,"menu_order":30,"comment_status":"closed","ping_status":"closed","template":"","meta":{"_genesis_hide_title":false,"_genesis_hide_breadcrumbs":false,"_genesis_hide_singular_image":false,"_genesis_hide_footer_widgets":false,"_genesis_custom_body_class":"","_genesis_custom_post_class":"","_genesis_layout":""},"_links":{"self":[{"href":"https:\/\/icac.cat\/es\/wp-json\/wp\/v2\/pages\/76655"}],"collection":[{"href":"https:\/\/icac.cat\/es\/wp-json\/wp\/v2\/pages"}],"about":[{"href":"https:\/\/icac.cat\/es\/wp-json\/wp\/v2\/types\/page"}],"author":[{"embeddable":true,"href":"https:\/\/icac.cat\/es\/wp-json\/wp\/v2\/users\/160"}],"replies":[{"embeddable":true,"href":"https:\/\/icac.cat\/es\/wp-json\/wp\/v2\/comments?post=76655"}],"version-history":[{"count":5,"href":"https:\/\/icac.cat\/es\/wp-json\/wp\/v2\/pages\/76655\/revisions"}],"predecessor-version":[{"id":97879,"href":"https:\/\/icac.cat\/es\/wp-json\/wp\/v2\/pages\/76655\/revisions\/97879"}],"up":[{"embeddable":true,"href":"https:\/\/icac.cat\/es\/wp-json\/wp\/v2\/pages\/29152"}],"wp:attachment":[{"href":"https:\/\/icac.cat\/es\/wp-json\/wp\/v2\/media?parent=76655"}],"curies":[{"name":"wp","href":"https:\/\/api.w.org\/{rel}","templated":true}]}}