{"id":76671,"date":"2018-01-10T09:11:14","date_gmt":"2018-01-10T08:11:14","guid":{"rendered":"https:\/\/icac.cat\/?page_id=76671"},"modified":"2022-03-25T12:09:04","modified_gmt":"2022-03-25T11:09:04","slug":"proteccion-de-datos-personales","status":"publish","type":"page","link":"https:\/\/icac.cat\/es\/quienes-somos\/intranet\/compendio-de-herramientas\/proteccion-de-datos-personales\/","title":{"rendered":"Protecci\u00f3n de datos personales"},"content":{"rendered":"<ul>\n<li><a class=\"icona-pdf\" href=\"https:\/\/icac.cat\/wp-content\/uploads\/2017\/04\/Instrucci\u00f3-1.2017_Codi-de-Conducta_DEF.pdf\" target=\"_blank\" rel=\"noopener\">C\u00f3digo de conducta del personal propio y vinculado del Instituto Catal\u00e1n de Arqueolog\u00eda Cl\u00e1sica<\/a>\u00a0(2017)<\/li>\n<li><a class=\"icona-pdf\" href=\"https:\/\/icac.cat\/wp-content\/uploads\/2017\/04\/Instrucci\u00f3-2.2017_Normes-\u00fas-correu-elect\u00f2nic_DEF.pdf\" target=\"_blank\" rel=\"noopener\">Normas de uso del correo electr\u00f3nico del Instituto Catal\u00e1n de Arqueolog\u00eda Cl\u00e1sica<\/a>\u00a0(2017)<\/li>\n<\/ul>\n","protected":false},"excerpt":{"rendered":"<p>C\u00f3digo de conducta del personal propio y vinculado del Instituto Catal\u00e1n de Arqueolog\u00eda Cl\u00e1sica\u00a0(2017) Normas de uso del correo electr\u00f3nico del Instituto Catal\u00e1n de Arqueolog\u00eda Cl\u00e1sica\u00a0(2017)<\/p>\n","protected":false},"author":160,"featured_media":0,"parent":29152,"menu_order":35,"comment_status":"closed","ping_status":"closed","template":"","meta":{"_genesis_hide_title":false,"_genesis_hide_breadcrumbs":false,"_genesis_hide_singular_image":false,"_genesis_hide_footer_widgets":false,"_genesis_custom_body_class":"","_genesis_custom_post_class":"","_genesis_layout":""},"_links":{"self":[{"href":"https:\/\/icac.cat\/es\/wp-json\/wp\/v2\/pages\/76671"}],"collection":[{"href":"https:\/\/icac.cat\/es\/wp-json\/wp\/v2\/pages"}],"about":[{"href":"https:\/\/icac.cat\/es\/wp-json\/wp\/v2\/types\/page"}],"author":[{"embeddable":true,"href":"https:\/\/icac.cat\/es\/wp-json\/wp\/v2\/users\/160"}],"replies":[{"embeddable":true,"href":"https:\/\/icac.cat\/es\/wp-json\/wp\/v2\/comments?post=76671"}],"version-history":[{"count":3,"href":"https:\/\/icac.cat\/es\/wp-json\/wp\/v2\/pages\/76671\/revisions"}],"predecessor-version":[{"id":76684,"href":"https:\/\/icac.cat\/es\/wp-json\/wp\/v2\/pages\/76671\/revisions\/76684"}],"up":[{"embeddable":true,"href":"https:\/\/icac.cat\/es\/wp-json\/wp\/v2\/pages\/29152"}],"wp:attachment":[{"href":"https:\/\/icac.cat\/es\/wp-json\/wp\/v2\/media?parent=76671"}],"curies":[{"name":"wp","href":"https:\/\/api.w.org\/{rel}","templated":true}]}}