{"id":81197,"date":"2022-12-12T09:01:37","date_gmt":"2022-12-12T08:01:37","guid":{"rendered":"https:\/\/icac.cat\/?page_id=81197"},"modified":"2024-01-12T13:37:26","modified_gmt":"2024-01-12T12:37:26","slug":"comunicacion","status":"publish","type":"page","link":"https:\/\/icac.cat\/es\/quienes-somos\/intranet\/compendio-de-herramientas\/comunicacion\/","title":{"rendered":"Comunicaci\u00f3n"},"content":{"rendered":"<p><a class=\"icona-pdf\" href=\"https:\/\/icac.cat\/wp-content\/uploads\/2023\/07\/Communication-Presentation-2023.pdf\" target=\"_blank\" rel=\"noopener\">Presentaci\u00f3n b\u00e1sica del Servicio de Comunicaci\u00f3n del ICAC (2023)<\/a><\/p>\n<div style=\"width: 790px;\" class=\"wp-video\"><!--[if lt IE 9]><script>document.createElement('video');<\/script><![endif]-->\n<video class=\"wp-video-shortcode\" id=\"video-81197-1\" width=\"790\" height=\"444\" preload=\"metadata\" controls=\"controls\"><source type=\"video\/mp4\" src=\"https:\/\/icac.cat\/wp-content\/uploads\/2023\/07\/Communication-Presentation-2023.mp4?_=1\" \/><a href=\"https:\/\/icac.cat\/wp-content\/uploads\/2023\/07\/Communication-Presentation-2023.mp4\">https:\/\/icac.cat\/wp-content\/uploads\/2023\/07\/Communication-Presentation-2023.mp4<\/a><\/video><\/div>\n<p>&nbsp;<\/p>\n<hr \/>\n<p><strong>Logos ICAC y Manual de marca (2024)<\/strong><\/p>\n<ul>\n<li><strong><a href=\"https:\/\/icac.cat\/wp-content\/uploads\/2024\/01\/ICAC_manualdemarca_2024-CAT.pdf\" target=\"_blank\" rel=\"noopener\">Manual de marca ICAC (2024)<\/a><\/strong><\/li>\n<li><a href=\"https:\/\/icac.cat\/wp-content\/uploads\/2024\/01\/Logos-ICAC-2024_png.zip\" target=\"_blank\" rel=\"noopener\">Logos ICAC 2024_png<\/a><\/li>\n<li><a href=\"https:\/\/icac.cat\/wp-content\/uploads\/2024\/01\/Logos-ICAC-2024_jpg.zip\" target=\"_blank\" rel=\"noopener\">Logos ICAC 2024_jpg<\/a><\/li>\n<li><a href=\"https:\/\/icac.cat\/wp-content\/uploads\/2024\/01\/Logos-ICAC-2024_eps.zip\">Logos ICAC 2024_eps<\/a><\/li>\n<li><a href=\"https:\/\/icac.cat\/wp-content\/uploads\/2024\/01\/MACOSX.zip\" target=\"_blank\" rel=\"noopener\">__MACOSX<\/a><\/li>\n<\/ul>\n<p>&nbsp;<\/p>\n<hr \/>\n<p><strong>Logos CERCA y Manual de estilo (2023)<\/strong><\/p>\n<ul>\n<li><a href=\"https:\/\/icac.cat\/wp-content\/uploads\/2024\/01\/Manual-estil-sistema-CERCA_2023.pdf\" target=\"_blank\" rel=\"noopener\">Manual d&#8217;estil del Sistema CERCA (2023)<\/a><\/li>\n<li><a href=\"https:\/\/icac.cat\/wp-content\/uploads\/2024\/01\/CERCA_Manual-identat-grafica_oct2022.pdf\" target=\"_blank\" rel=\"noopener\">Manual d&#8217;identitat gr\u00e0fica del Sistema CERCA (2022)<\/a><\/li>\n<li><a href=\"https:\/\/icac.cat\/wp-content\/uploads\/2024\/01\/MARCA-i-variants_CERCA_2023.zip\" target=\"_blank\" rel=\"noopener\">Logos CERCA 2023 (Marca i variants)<\/a><\/li>\n<li>Pod\u00e9is descargar tambi\u00e9n los archivos en la web del CERCA: <a href=\"https:\/\/cerca.cat\/actualitat\/\" target=\"_blank\" rel=\"noopener noreferrer\" data-auth=\"NotApplicable\" data-linkindex=\"0\">https:\/\/<span class=\"mark0qiwphhnl\" data-markjs=\"true\" data-ogac=\"\" data-ogab=\"\" data-ogsc=\"\" data-ogsb=\"\">cerca<\/span>.cat\/actualitat\/<\/a><\/li>\n<\/ul>\n<p>&nbsp;<\/p>\n<hr \/>\n<ul>\n<li><a href=\"https:\/\/www.urv.cat\/ca\/universitat\/comunicacio\/identitat-institucional\/logos\/\" target=\"_blank\" rel=\"noopener\">Logos oficiales URV<\/a> (enlace externo a la web de la URV para descarga de archivos)<\/li>\n<\/ul>\n<p>&nbsp;<\/p>\n","protected":false},"excerpt":{"rendered":"<p>Presentaci\u00f3n b\u00e1sica del Servicio de Comunicaci\u00f3n del ICAC (2023) &nbsp; Logos ICAC y Manual de marca (2024) Manual de marca ICAC (2024) Logos ICAC 2024_png Logos ICAC 2024_jpg Logos ICAC 2024_eps __MACOSX &nbsp; Logos CERCA y Manual de estilo (2023) Manual d&#8217;estil del Sistema CERCA (2023) Manual d&#8217;identitat gr\u00e0fica del Sistema CERCA (2022) Logos CERCA [&hellip;]<\/p>\n","protected":false},"author":160,"featured_media":0,"parent":29152,"menu_order":10,"comment_status":"closed","ping_status":"closed","template":"","meta":{"_genesis_hide_title":false,"_genesis_hide_breadcrumbs":false,"_genesis_hide_singular_image":false,"_genesis_hide_footer_widgets":false,"_genesis_custom_body_class":"","_genesis_custom_post_class":"","_genesis_layout":""},"_links":{"self":[{"href":"https:\/\/icac.cat\/es\/wp-json\/wp\/v2\/pages\/81197"}],"collection":[{"href":"https:\/\/icac.cat\/es\/wp-json\/wp\/v2\/pages"}],"about":[{"href":"https:\/\/icac.cat\/es\/wp-json\/wp\/v2\/types\/page"}],"author":[{"embeddable":true,"href":"https:\/\/icac.cat\/es\/wp-json\/wp\/v2\/users\/160"}],"replies":[{"embeddable":true,"href":"https:\/\/icac.cat\/es\/wp-json\/wp\/v2\/comments?post=81197"}],"version-history":[{"count":5,"href":"https:\/\/icac.cat\/es\/wp-json\/wp\/v2\/pages\/81197\/revisions"}],"predecessor-version":[{"id":90072,"href":"https:\/\/icac.cat\/es\/wp-json\/wp\/v2\/pages\/81197\/revisions\/90072"}],"up":[{"embeddable":true,"href":"https:\/\/icac.cat\/es\/wp-json\/wp\/v2\/pages\/29152"}],"wp:attachment":[{"href":"https:\/\/icac.cat\/es\/wp-json\/wp\/v2\/media?parent=81197"}],"curies":[{"name":"wp","href":"https:\/\/api.w.org\/{rel}","templated":true}]}}