{"id":82277,"date":"2023-02-03T14:58:40","date_gmt":"2023-02-03T13:58:40","guid":{"rendered":"https:\/\/icac.cat\/?page_id=82277"},"modified":"2023-02-04T17:34:28","modified_gmt":"2023-02-04T16:34:28","slug":"datosinvestigacion","status":"publish","type":"page","link":"https:\/\/icac.cat\/es\/servicios\/plataformas-cientificas\/datosinvestigacion\/","title":{"rendered":"Documentaci\u00f3n, digitalizaci\u00f3n y gesti\u00f3n de datos de investigaci\u00f3n"},"content":{"rendered":"<p>&nbsp;<\/p>\n<p>La plataforma cient\u00edfica de documentaci\u00f3n, digitalizaci\u00f3n y gesti\u00f3n de datos de investigaci\u00f3n del ICAC pone a disposici\u00f3n los recursos del <a href=\"https:\/\/icac.cat\/es\/servicios\/centro-de-documentacion-y-biblioteca\/presentacion\/\" target=\"_blank\" rel=\"noopener\">Centro de documentaci\u00f3n y Biblioteca<\/a>, que cuenta con un fondo de cerca de 120.000 \u00edtems divididos en tres \u00e1reas: bibliogr\u00e1fica (21 %), documentaci\u00f3n arqueol\u00f3gica iconogr\u00e1fica (50 %) y documentaci\u00f3n arqueol\u00f3gica textual (28 %).<\/p>\n<p>Una de sus singularidades es la <strong>custodia de cuatro colecciones \u00fanicas en el mundo<\/strong>:<\/p>\n<ul>\n<li><a href=\"https:\/\/icac.cat\/es\/servicios\/centro-de-documentacion-y-biblioteca\/fondo-pere-de-palol\/\" target=\"_blank\" rel=\"noopener\">Legado del Dr. Pere de Palol (\u2020)<\/a><\/li>\n<li>Archivo personal del Dr. Jordi L\u00f3pez Vilar<\/li>\n<li>Biblioteca del Dr. Antonio Pe\u00f1a Jurado (\u2020)<\/li>\n<li><a href=\"https:\/\/icac.cat\/serveis\/centre-de-documentacio-i-biblioteca\/fons-gustav-a-gamer\/\" target=\"_blank\" rel=\"noopener\">Biblioteca i llegat fotogr\u00e0fic del Dr. Gustav A. Gamer (\u2020)<\/a><\/li>\n<\/ul>\n<div class=\"facility__equipment\">\n<h5>Servicios<\/h5>\n<ul>\n<li>Informaci\u00f3n general y asessoramiento especializado<\/li>\n<li>Consulta de los fondos documentales<\/li>\n<li>Reserva de documentaci\u00f3n<\/li>\n<li>Biblioteca y hemeroteca<\/li>\n<li>Reprograf\u00eda<\/li>\n<li>Acci\u00f3n social<\/li>\n<li>Acuerdos de colaboraci\u00f3n<\/li>\n<li>Difusi\u00f3n e intercambio de publicaciones<\/li>\n<li>Gesti\u00f3n de datos de investigaci\u00f3n<\/li>\n<\/ul>\n<div class=\"highlight-block\">\n<p style=\"text-align: center;\"><a href=\"https:\/\/ginys.cerca.cat\/facility\/plataforma-de-documentacio-digitalitzacio-i-gestio-de-dades-de-recerca\/\" target=\"_blank\" rel=\"noopener\">Consulta en el portal CERCAGINYS la informaci\u00f3n detallada sobre los servicios que ofrece esta plataforma cient\u00edfica<\/a><\/p>\n<\/div>\n<h5>Equipamiento<\/h5>\n<div>\n<ul>\n<li>Fondos de documentaci\u00f3n arqueol\u00f3gica.<\/li>\n<li>Reprograf\u00eda.<\/li>\n<li>Equipamiento inform\u00e1tico.<\/li>\n<\/ul>\n<\/div>\n<\/div>\n<div class=\"facility__staff\">\n<h5>Personal<\/h5>\n<div class=\"facility__staff-person\"><a href=\"http:\/\/icac.cat\/es\/quienes-somos\/personal\/lgil\/\" target=\"_blank\" rel=\"noopener\"><strong>Lydia Gil<\/strong><\/a><\/div>\n<div><span class=\"comment-meta\">Centro de documentaci\u00f3n y biblioteca, Servicios cientificot\u00e9cnicos<\/span><\/div>\n<\/div>\n","protected":false},"excerpt":{"rendered":"<p>&nbsp; La plataforma cient\u00edfica de documentaci\u00f3n, digitalizaci\u00f3n y gesti\u00f3n de datos de investigaci\u00f3n del ICAC pone a disposici\u00f3n los recursos del Centro de documentaci\u00f3n y Biblioteca, que cuenta con un fondo de cerca de 120.000 \u00edtems divididos en tres \u00e1reas: bibliogr\u00e1fica (21 %), documentaci\u00f3n arqueol\u00f3gica iconogr\u00e1fica (50 %) y documentaci\u00f3n arqueol\u00f3gica textual (28 %). Una [&hellip;]<\/p>\n","protected":false},"author":160,"featured_media":69124,"parent":82281,"menu_order":0,"comment_status":"closed","ping_status":"closed","template":"template-subhome.php","meta":{"_genesis_hide_title":false,"_genesis_hide_breadcrumbs":false,"_genesis_hide_singular_image":false,"_genesis_hide_footer_widgets":false,"_genesis_custom_body_class":"","_genesis_custom_post_class":"","_genesis_layout":""},"_links":{"self":[{"href":"https:\/\/icac.cat\/es\/wp-json\/wp\/v2\/pages\/82277"}],"collection":[{"href":"https:\/\/icac.cat\/es\/wp-json\/wp\/v2\/pages"}],"about":[{"href":"https:\/\/icac.cat\/es\/wp-json\/wp\/v2\/types\/page"}],"author":[{"embeddable":true,"href":"https:\/\/icac.cat\/es\/wp-json\/wp\/v2\/users\/160"}],"replies":[{"embeddable":true,"href":"https:\/\/icac.cat\/es\/wp-json\/wp\/v2\/comments?post=82277"}],"version-history":[{"count":2,"href":"https:\/\/icac.cat\/es\/wp-json\/wp\/v2\/pages\/82277\/revisions"}],"predecessor-version":[{"id":82280,"href":"https:\/\/icac.cat\/es\/wp-json\/wp\/v2\/pages\/82277\/revisions\/82280"}],"up":[{"embeddable":true,"href":"https:\/\/icac.cat\/es\/wp-json\/wp\/v2\/pages\/82281"}],"wp:featuredmedia":[{"embeddable":true,"href":"https:\/\/icac.cat\/es\/wp-json\/wp\/v2\/media\/69124"}],"wp:attachment":[{"href":"https:\/\/icac.cat\/es\/wp-json\/wp\/v2\/media?parent=82277"}],"curies":[{"name":"wp","href":"https:\/\/api.w.org\/{rel}","templated":true}]}}