{"id":82281,"date":"2022-11-07T13:00:30","date_gmt":"2022-11-07T12:00:30","guid":{"rendered":"https:\/\/icac.cat\/?page_id=82281"},"modified":"2025-02-26T12:31:33","modified_gmt":"2025-02-26T11:31:33","slug":"plataformas-cientificas","status":"publish","type":"page","link":"https:\/\/icac.cat\/es\/servicios\/plataformas-cientificas\/","title":{"rendered":"Plataformas cient\u00edficas"},"content":{"rendered":"<p>El ICAC dispone de varios laboratorios cient\u00edficos e infraestructuras t\u00e9cnicas para desarrollar su investigaci\u00f3n y colaborar con otros centros e instituciones.<\/p>\n<p>Desde 2022, estas plataformas cient\u00edficas est\u00e1n integradas en el <a href=\"https:\/\/ginys.cerca.cat\/es\/\" target=\"_blank\" rel=\"noopener\"><strong>portal CERCAGINYS<\/strong><\/a>, una iniciativa del sistema de la <strong>Instituci\u00f3n\u00a0CERCA<\/strong> que facilita el acceso, desde una \u00fanica plataforma, a las infraestructuras cient\u00edficas y t\u00e9cnicas de los 41 centros CERCA.<\/p>\n<p>&nbsp;<\/p>\n<p><a href=\"https:\/\/ginys.cerca.cat\/es\/\"><img loading=\"lazy\" class=\"aligncenter wp-image-80508 size-medium\" src=\"https:\/\/icac.cat\/wp-content\/uploads\/2022\/11\/CERCAGINYS-400x84.jpg\" alt=\"\" width=\"400\" height=\"84\" srcset=\"https:\/\/icac.cat\/wp-content\/uploads\/2022\/11\/CERCAGINYS-400x84.jpg 400w, https:\/\/icac.cat\/wp-content\/uploads\/2022\/11\/CERCAGINYS-1024x216.jpg 1024w, https:\/\/icac.cat\/wp-content\/uploads\/2022\/11\/CERCAGINYS-768x162.jpg 768w, https:\/\/icac.cat\/wp-content\/uploads\/2022\/11\/CERCAGINYS-1536x324.jpg 1536w, https:\/\/icac.cat\/wp-content\/uploads\/2022\/11\/CERCAGINYS-2048x433.jpg 2048w\" sizes=\"(max-width: 400px) 100vw, 400px\" \/><\/a><\/p>\n<div id=\"fws_6368cdfeb5dcb\" class=\"wpb_row vc_row-fluid vc_row inner_row\" data-midnight=\"\" data-column-margin=\"default\">\n<h6><img class=\"aligncenter\" src=\"https:\/\/icac.cat\/wp-content\/uploads\/2025\/02\/Ginys_banner_500x70_financadors_2024.jpg\" \/><\/h6>\n<div class=\"row-bg-wrap\">\n<h6>El ICAC cuenta con seis plataformas cient\u00edficas:<\/h6>\n<p>&nbsp;<\/p>\n<\/div>\n<\/div>\n","protected":false},"excerpt":{"rendered":"<p>El ICAC dispone de varios laboratorios cient\u00edficos e infraestructuras t\u00e9cnicas para desarrollar su investigaci\u00f3n y colaborar con otros centros e instituciones. Desde 2022, estas plataformas cient\u00edficas est\u00e1n integradas en el portal CERCAGINYS, una iniciativa del sistema de la Instituci\u00f3n\u00a0CERCA que facilita el acceso, desde una \u00fanica plataforma, a las infraestructuras cient\u00edficas y t\u00e9cnicas de los [&hellip;]<\/p>\n","protected":false},"author":160,"featured_media":0,"parent":21339,"menu_order":550,"comment_status":"closed","ping_status":"closed","template":"template-llistat-links.php","meta":{"_genesis_hide_title":false,"_genesis_hide_breadcrumbs":false,"_genesis_hide_singular_image":false,"_genesis_hide_footer_widgets":false,"_genesis_custom_body_class":"","_genesis_custom_post_class":"","_genesis_layout":""},"_links":{"self":[{"href":"https:\/\/icac.cat\/es\/wp-json\/wp\/v2\/pages\/82281"}],"collection":[{"href":"https:\/\/icac.cat\/es\/wp-json\/wp\/v2\/pages"}],"about":[{"href":"https:\/\/icac.cat\/es\/wp-json\/wp\/v2\/types\/page"}],"author":[{"embeddable":true,"href":"https:\/\/icac.cat\/es\/wp-json\/wp\/v2\/users\/160"}],"replies":[{"embeddable":true,"href":"https:\/\/icac.cat\/es\/wp-json\/wp\/v2\/comments?post=82281"}],"version-history":[{"count":5,"href":"https:\/\/icac.cat\/es\/wp-json\/wp\/v2\/pages\/82281\/revisions"}],"predecessor-version":[{"id":98294,"href":"https:\/\/icac.cat\/es\/wp-json\/wp\/v2\/pages\/82281\/revisions\/98294"}],"up":[{"embeddable":true,"href":"https:\/\/icac.cat\/es\/wp-json\/wp\/v2\/pages\/21339"}],"wp:attachment":[{"href":"https:\/\/icac.cat\/es\/wp-json\/wp\/v2\/media?parent=82281"}],"curies":[{"name":"wp","href":"https:\/\/api.w.org\/{rel}","templated":true}]}}