{"id":82428,"date":"2023-02-03T15:10:35","date_gmt":"2023-02-03T14:10:35","guid":{"rendered":"https:\/\/icac.cat\/?page_id=82428"},"modified":"2023-02-09T08:26:22","modified_gmt":"2023-02-09T07:26:22","slug":"materialesliticos","status":"publish","type":"page","link":"https:\/\/icac.cat\/es\/servicios\/plataformas-cientificas\/materialesliticos\/","title":{"rendered":"Materiales l\u00edticos"},"content":{"rendered":"<p>&nbsp;<\/p>\n<p>La plataforma cient\u00edfica de materials l\u00edticos pone a disposici\u00f3n los recursos de la <a href=\"https:\/\/icac.cat\/es\/servicios\/unidad-de-estudios-arqueometricos\/presentacion\/\" rel=\"noopener\">Unidad de Estudios Arqueom\u00e9tricos<\/a> del ICAC.<\/p>\n<h5>Servicios<\/h5>\n<div class=\"highlight-block\">\n<p style=\"text-align: center;\"><a href=\"https:\/\/ginys.cerca.cat\/facility\/plataforma-de-materials-litics\/\" target=\"_blank\" rel=\"noopener\">Consulta en el portal CERCAGINYS la informaci\u00f3n detallada sobre los servicios que ofrece esta plataforma cient\u00edfica<\/a><\/p>\n<\/div>\n<h5>Equipamiento<\/h5>\n<ul>\n<li>Lupa ZEISS Stemi 2000-C<\/li>\n<li>C\u00e1mara SPOT Insight 2 Mp CCD para la lupa microscopio binocular con programario SPOT Advanced (4.0.5)<\/li>\n<li>Microscopio de luz polarizada NIKON Eclipse 50iPOL, a 30x, 60x i 150x<\/li>\n<li>Microscopio de luz polarizada NIKON Eclipse 50iPOL, a 30x, 60x i 150x, con un dispositivo acoplado CITL CL8200 Mk5-1<\/li>\n<li>Microscopio de luz poralizada NIKON Eclipse 50iPOL, a 30x, 60x i 150x, con un detector de rayos X Amptek Axis SDD acoplado<\/li>\n<li>C\u00e1mara NIKON DS-Fi2 con el soporte del programario de tratamiento de imagen NIS-Elements D<\/li>\n<li>Material para el muestreo de piezas arqueol\u00f3gicas y de canteras<\/li>\n<li>Material para la preparaci\u00f3n de muestras para hacer de an\u00e1lisis de is\u00f3topos estables de C y O<\/li>\n<\/ul>\n<h5>Personal<\/h5>\n<p><a href=\"http:\/\/icac.cat\/es\/quienes-somos\/personal\/msavin\/\" target=\"_blank\" rel=\"noopener\"><strong>Marie-Claire Savin<\/strong><\/a><\/p>\n<p>Arque\u00f3loga y ge\u00f3loga. T\u00e9cnica superior de apoyo a la investigaci\u00f3n en la Unidad de Estudios Arqueom\u00e9tricos del ICAC<\/p>\n<p>&nbsp;<\/p>\n","protected":false},"excerpt":{"rendered":"<p>&nbsp; La plataforma cient\u00edfica de materials l\u00edticos pone a disposici\u00f3n los recursos de la Unidad de Estudios Arqueom\u00e9tricos del ICAC. Servicios Consulta en el portal CERCAGINYS la informaci\u00f3n detallada sobre los servicios que ofrece esta plataforma cient\u00edfica Equipamiento Lupa ZEISS Stemi 2000-C C\u00e1mara SPOT Insight 2 Mp CCD para la lupa microscopio binocular con programario [&hellip;]<\/p>\n","protected":false},"author":160,"featured_media":76900,"parent":82281,"menu_order":1,"comment_status":"closed","ping_status":"closed","template":"template-subhome.php","meta":{"_genesis_hide_title":false,"_genesis_hide_breadcrumbs":false,"_genesis_hide_singular_image":false,"_genesis_hide_footer_widgets":false,"_genesis_custom_body_class":"","_genesis_custom_post_class":"","_genesis_layout":""},"_links":{"self":[{"href":"https:\/\/icac.cat\/es\/wp-json\/wp\/v2\/pages\/82428"}],"collection":[{"href":"https:\/\/icac.cat\/es\/wp-json\/wp\/v2\/pages"}],"about":[{"href":"https:\/\/icac.cat\/es\/wp-json\/wp\/v2\/types\/page"}],"author":[{"embeddable":true,"href":"https:\/\/icac.cat\/es\/wp-json\/wp\/v2\/users\/160"}],"replies":[{"embeddable":true,"href":"https:\/\/icac.cat\/es\/wp-json\/wp\/v2\/comments?post=82428"}],"version-history":[{"count":3,"href":"https:\/\/icac.cat\/es\/wp-json\/wp\/v2\/pages\/82428\/revisions"}],"predecessor-version":[{"id":82433,"href":"https:\/\/icac.cat\/es\/wp-json\/wp\/v2\/pages\/82428\/revisions\/82433"}],"up":[{"embeddable":true,"href":"https:\/\/icac.cat\/es\/wp-json\/wp\/v2\/pages\/82281"}],"wp:featuredmedia":[{"embeddable":true,"href":"https:\/\/icac.cat\/es\/wp-json\/wp\/v2\/media\/76900"}],"wp:attachment":[{"href":"https:\/\/icac.cat\/es\/wp-json\/wp\/v2\/media?parent=82428"}],"curies":[{"name":"wp","href":"https:\/\/api.w.org\/{rel}","templated":true}]}}