{"id":82480,"date":"2023-02-03T15:43:23","date_gmt":"2023-02-03T14:43:23","guid":{"rendered":"https:\/\/icac.cat\/?page_id=82480"},"modified":"2023-02-10T13:18:49","modified_gmt":"2023-02-10T12:18:49","slug":"teledeteccion","status":"publish","type":"page","link":"https:\/\/icac.cat\/es\/servicios\/plataformas-cientificas\/teledeteccion\/","title":{"rendered":"Teledetecci\u00f3n y geom\u00e1tica"},"content":{"rendered":"<p>&nbsp;<\/p>\n<p>La plataforma de teledetecci\u00f3n y geom\u00e1tica est\u00e1 coordinada por el equipo de Arqueolog\u00eda Computacional del ICAC y da apoyo a los trabajos de topograf\u00eda arqueol\u00f3gica y teledetecci\u00f3n de los diferentes grupos de investigaci\u00f3n y servicios cient\u00edfico-t\u00e9cnicos del Instituto.<\/p>\n<p>Incluye una operadora de UAV (drones) y pilotos certificados con capacidad de llevar a cabo vuelos en toda la Uni\u00f3n Europea, tambi\u00e9n en \u00e1reas restringidas. Presta apoyo a trabajos de teledetecci\u00f3n, combinando diferentes tipos de sensores (Pancrom\u00e1tico, Multi-espectral, termal y LIDAR) y utilizando im\u00e1genes sat\u00e9lite, repositorios de im\u00e1genes a\u00e9reas e im\u00e1genes obtenidas con los propios UAV.<\/p>\n<div class=\"facility__equipment\">\n<h5>Servicios<\/h5>\n<p>Proporciona asesoramiento en la aplicaci\u00f3n de t\u00e9cnicas de teledetecci\u00f3n y topograf\u00eda en investigaci\u00f3n arqueol\u00f3gica. Asimismo, el personal t\u00e9cnico asociado a la plataforma puede llevar a cabo todo tipo de levantamientos y documentaci\u00f3n gr\u00e1fica de apoyo al trabajo arqueol\u00f3gico de campo (incluyendo excavaciones, prospecciones y estudios arquitect\u00f3nicos).<\/p>\n<div class=\"highlight-block\">\n<p style=\"text-align: center;\"><a href=\"https:\/\/ginys.cerca.cat\/facility\/plataforma-de-teledeteccio-i-geomatica\/\" target=\"_blank\" rel=\"noopener\">Consulta en el portal CERCAGINYS toda la informaci\u00f3n sobre esta plataforma cient\u00edfica<\/a><\/p>\n<\/div>\n<\/div>\n<div class=\"facility__equipment\">\n<h5>Equipamiento<\/h5>\n<div>\n<ul>\n<li>Operadora UAV, dispone de aparatos equipados con sensores fotogr\u00e1ficos y termales.<\/li>\n<li>Antenas D-GPS para trabajos de topograf\u00eda.<\/li>\n<li>Equipamiento inform\u00e1tico y programario para trabajos de fotogrametr\u00eda, tratamiento de imagen a\u00e9rea, dibujo t\u00e9cnico y edici\u00f3n profesional en 2D y 3D.<\/li>\n<\/ul>\n<\/div>\n<\/div>\n<div class=\"facility__staff\">\n<h5><\/h5>\n<h5>Personal<\/h5>\n<div>\n<div class=\"facility__staff-job\"><strong><span class=\"comment-meta\">Investigador responsable<\/span><\/strong><\/div>\n<div class=\"facility__staff-person\"><a href=\"https:\/\/icac.cat\/es\/quienes-somos\/personal\/agarcia\/\" target=\"_blank\" rel=\"noopener\">Arnau Garcia Molsosa<\/a> (GIAP)<\/div>\n<div><\/div>\n<div class=\"facility__staff-job\"><strong><span class=\"comment-meta\">T\u00e9cnica responsable de la operadora UAV <\/span><\/strong><\/div>\n<div class=\"facility__staff-person\"><a href=\"https:\/\/icac.cat\/es\/quienes-somos\/personal\/paliende\/\" target=\"_blank\" rel=\"noopener\">Paloma Aliende Garc\u00eda<\/a><\/div>\n<div class=\"facility__staff-person\"><\/div>\n<\/div>\n<\/div>\n","protected":false},"excerpt":{"rendered":"<p>&nbsp; La plataforma de teledetecci\u00f3n y geom\u00e1tica est\u00e1 coordinada por el equipo de Arqueolog\u00eda Computacional del ICAC y da apoyo a los trabajos de topograf\u00eda arqueol\u00f3gica y teledetecci\u00f3n de los diferentes grupos de investigaci\u00f3n y servicios cient\u00edfico-t\u00e9cnicos del Instituto. Incluye una operadora de UAV (drones) y pilotos certificados con capacidad de llevar a cabo vuelos [&hellip;]<\/p>\n","protected":false},"author":160,"featured_media":82267,"parent":82281,"menu_order":2,"comment_status":"closed","ping_status":"closed","template":"template-subhome.php","meta":{"_genesis_hide_title":false,"_genesis_hide_breadcrumbs":false,"_genesis_hide_singular_image":false,"_genesis_hide_footer_widgets":false,"_genesis_custom_body_class":"","_genesis_custom_post_class":"","_genesis_layout":""},"_links":{"self":[{"href":"https:\/\/icac.cat\/es\/wp-json\/wp\/v2\/pages\/82480"}],"collection":[{"href":"https:\/\/icac.cat\/es\/wp-json\/wp\/v2\/pages"}],"about":[{"href":"https:\/\/icac.cat\/es\/wp-json\/wp\/v2\/types\/page"}],"author":[{"embeddable":true,"href":"https:\/\/icac.cat\/es\/wp-json\/wp\/v2\/users\/160"}],"replies":[{"embeddable":true,"href":"https:\/\/icac.cat\/es\/wp-json\/wp\/v2\/comments?post=82480"}],"version-history":[{"count":5,"href":"https:\/\/icac.cat\/es\/wp-json\/wp\/v2\/pages\/82480\/revisions"}],"predecessor-version":[{"id":82528,"href":"https:\/\/icac.cat\/es\/wp-json\/wp\/v2\/pages\/82480\/revisions\/82528"}],"up":[{"embeddable":true,"href":"https:\/\/icac.cat\/es\/wp-json\/wp\/v2\/pages\/82281"}],"wp:featuredmedia":[{"embeddable":true,"href":"https:\/\/icac.cat\/es\/wp-json\/wp\/v2\/media\/82267"}],"wp:attachment":[{"href":"https:\/\/icac.cat\/es\/wp-json\/wp\/v2\/media?parent=82480"}],"curies":[{"name":"wp","href":"https:\/\/api.w.org\/{rel}","templated":true}]}}