{"id":82496,"date":"2023-02-10T11:42:41","date_gmt":"2023-02-10T10:42:41","guid":{"rendered":"https:\/\/icac.cat\/?page_id=82496"},"modified":"2023-02-10T11:53:14","modified_gmt":"2023-02-10T10:53:14","slug":"laboratorio-de-bioarqueologia","status":"publish","type":"page","link":"https:\/\/icac.cat\/es\/servicios\/plataformas-cientificas\/laboratorio-de-bioarqueologia\/","title":{"rendered":"Laboratorio de Bioarqueolog\u00eda"},"content":{"rendered":"<p>&nbsp;<\/p>\n<p>El Laboratorio de Bioarqueolog\u00eda (arqueobot\u00e1nica y arqueozoolog\u00eda) cuenta con las instalaciones e infraestructuras necesarias para el <strong>estudio de material bioarqueol\u00f3gico (fauna, semillas, carbones, etc.)<\/strong>. Sus instalaciones se utilizan para la docencia y la investigaci\u00f3n a nivel nacional e internacional.<\/p>\n<p>Cuenta con colecciones de referencia de huesos de animales y de semillas para el estudio del material arqueol\u00f3gico, as\u00ed como atlas de referencia y equipamiento de microscop\u00eda \u00f3ptica y esc\u00e1neres. Dispone de una zona sucia donde lavar y flotar el material, y una zona limpia donde llevar a cabo su clasificaci\u00f3n y an\u00e1lisis.<\/p>\n<div class=\"facility__equipment\">\n<h5>Servicios<\/h5>\n<ul>\n<li>Informaci\u00f3n y asesoramiento sobre tratamiento y estudio de material bioarqueol\u00f3gico<\/li>\n<li>Lavado, flotaci\u00f3n y selecci\u00f3n de muestras sedimentarias para la obtenci\u00f3n de carbones y semillas carbonizadas<\/li>\n<li>Estudios de material bioarqueol\u00f3gico<\/li>\n<\/ul>\n<div class=\"highlight-block\">\n<p style=\"text-align: center;\"><a href=\"https:\/\/ginys.cerca.cat\/facility\/plataforma-de-bioarqueologia\/\" target=\"_blank\" rel=\"noopener\">Consulta en el portal CERCAGINYS la informaci\u00f3n detallada sobre los servicios que ofrece esta plataforma cient\u00edfica<\/a><\/p>\n<\/div>\n<h5>Equipamiento<\/h5>\n<div>\n<ul>\n<li>Colecciones de referencia de huesos de animales y de semillas<\/li>\n<li>Nevera y congelador para el almacenamiento y preservaci\u00f3n de los restos bioarqueol\u00f3gicos que lo necesiten<\/li>\n<li>Microscopio y lupas binoculares<\/li>\n<li>Esc\u00e1ner<\/li>\n<li>C\u00e1maras digitales<\/li>\n<li>Balanzas de precisi\u00f3n<\/li>\n<li>Morteros de \u00e1gata<\/li>\n<\/ul>\n<\/div>\n<\/div>\n<div class=\"facility__staff\">\n<h5>Personal<\/h5>\n<div>\n<div class=\"facility__staff-job\"><strong><span class=\"comment-meta\">Responsable de la secci\u00f3n de arqueobot\u00e1nica<\/span><\/strong><\/div>\n<\/div>\n<div class=\"facility__staff-person\"><a href=\"https:\/\/icac.cat\/es\/quienes-somos\/personal\/alivarda\/\" target=\"_blank\" rel=\"noopener\">Alexandra Livarda<\/a> (GIAP)<\/div>\n<\/div>\n<div><\/div>\n<div class=\"facility__staff-job\"><strong><span class=\"comment-meta\">Responsable de la secci\u00f3n de arqueozoolog\u00eda<\/span><\/strong><\/div>\n<div class=\"facility__staff-person\"><a href=\"https:\/\/icac.cat\/es\/quienes-somos\/personal\/lcolominas\/\" target=\"_blank\" rel=\"noopener\">L\u00eddia Colominas<\/a> (GIAP)<\/div>\n","protected":false},"excerpt":{"rendered":"<p>&nbsp; El Laboratorio de Bioarqueolog\u00eda (arqueobot\u00e1nica y arqueozoolog\u00eda) cuenta con las instalaciones e infraestructuras necesarias para el estudio de material bioarqueol\u00f3gico (fauna, semillas, carbones, etc.). Sus instalaciones se utilizan para la docencia y la investigaci\u00f3n a nivel nacional e internacional. Cuenta con colecciones de referencia de huesos de animales y de semillas para el estudio [&hellip;]<\/p>\n","protected":false},"author":160,"featured_media":82491,"parent":82281,"menu_order":3,"comment_status":"closed","ping_status":"closed","template":"template-subhome.php","meta":{"_genesis_hide_title":false,"_genesis_hide_breadcrumbs":false,"_genesis_hide_singular_image":false,"_genesis_hide_footer_widgets":false,"_genesis_custom_body_class":"","_genesis_custom_post_class":"","_genesis_layout":""},"_links":{"self":[{"href":"https:\/\/icac.cat\/es\/wp-json\/wp\/v2\/pages\/82496"}],"collection":[{"href":"https:\/\/icac.cat\/es\/wp-json\/wp\/v2\/pages"}],"about":[{"href":"https:\/\/icac.cat\/es\/wp-json\/wp\/v2\/types\/page"}],"author":[{"embeddable":true,"href":"https:\/\/icac.cat\/es\/wp-json\/wp\/v2\/users\/160"}],"replies":[{"embeddable":true,"href":"https:\/\/icac.cat\/es\/wp-json\/wp\/v2\/comments?post=82496"}],"version-history":[{"count":2,"href":"https:\/\/icac.cat\/es\/wp-json\/wp\/v2\/pages\/82496\/revisions"}],"predecessor-version":[{"id":82498,"href":"https:\/\/icac.cat\/es\/wp-json\/wp\/v2\/pages\/82496\/revisions\/82498"}],"up":[{"embeddable":true,"href":"https:\/\/icac.cat\/es\/wp-json\/wp\/v2\/pages\/82281"}],"wp:featuredmedia":[{"embeddable":true,"href":"https:\/\/icac.cat\/es\/wp-json\/wp\/v2\/media\/82491"}],"wp:attachment":[{"href":"https:\/\/icac.cat\/es\/wp-json\/wp\/v2\/media?parent=82496"}],"curies":[{"name":"wp","href":"https:\/\/api.w.org\/{rel}","templated":true}]}}