{"id":82502,"date":"2023-02-10T12:00:07","date_gmt":"2023-02-10T11:00:07","guid":{"rendered":"https:\/\/icac.cat\/?page_id=82502"},"modified":"2024-07-31T14:46:43","modified_gmt":"2024-07-31T12:46:43","slug":"microscopia","status":"publish","type":"page","link":"https:\/\/icac.cat\/es\/servicios\/plataformas-cientificas\/microscopia\/","title":{"rendered":"Microscopia"},"content":{"rendered":"<p>La plataforma de microscop\u00eda pone a disposici\u00f3n de los equipos de investigaci\u00f3n del ICAC-CERCA un conjunto de instrumentos para la observaci\u00f3n y captura de im\u00e1genes para el an\u00e1lisis detallado de artefactos arqueol\u00f3gicos (materiales l\u00edticos, biol\u00f3gicos, sedimentos, etc.).<\/p>\n<h5>Servicios<\/h5>\n<ul>\n<li>Observaci\u00f3n a baja ampliaci\u00f3n: ZEISS Stemi 305, 508 y 2000-C 508.\n<ul>\n<li>Observaci\u00f3n tridimensional de los artefactos.<\/li>\n<li>Obtenci\u00f3n de im\u00e1genes y medidas.<\/li>\n<\/ul>\n<\/li>\n<li>Observaci\u00f3n petrogr\u00e1fica (materiales l\u00edticos, sedimentos): ZEISS Axioskop 40, NIKON Eclipse 50iPOL\n<ul>\n<li>Observaci\u00f3n de l\u00e1minas delgadas con nicolas paralelos y cruzados, conoscopia y ortoscopia.<\/li>\n<li>\n<div>Captura de im\u00e1genes y medidas.<\/div>\n<\/li>\n<\/ul>\n<\/li>\n<li>Observaci\u00f3n de materiales biol\u00f3gicos (carb\u00f3n, semillas, polen, etc.): OLYMPUS BX51\n<ul>\n<li>Observaci\u00f3n en campo claro, campo oscuro, contraste de fase, polarizaci\u00f3n y contraste de fase diferencial DIC.<\/li>\n<li>Obtenci\u00f3n de im\u00e1genes y medidas.<\/li>\n<\/ul>\n<\/li>\n<\/ul>\n<div class=\"highlight-block\">\n<p style=\"text-align: center;\"><a href=\"https:\/\/ginys.cerca.cat\/facility\/plataforma-de-microscopia-2\/\" target=\"_blank\" rel=\"noopener\">Consulta en el portal CERCAGINYS toda la informaci\u00f3n<\/a><\/p>\n<\/div>\n<h5>Equipamiento<\/h5>\n<ul>\n<li>Lupas binoculares ZEISS Stemi 305 (zoom 5:1), Stemi 2000-C (zoom 7,7:1) y Stemi 508 (zoom 8:1).<\/li>\n<li>Microscopios polarizadores ZEISS Axioskop 40 (equipado con 6 objetivos: 2,5x, 5x, 10x, 20x, 40x, 50x) y NIKON Eclipse 50iPOL (equipado con 5 objetivos Nikon: plan UW 2x, 4x, 10x, 20).<\/li>\n<li>Microscopio biol\u00f3gico OLYMPUS BX51 (equipado con 4 objetivos: 5x, 10x, 20x, 50x).<\/li>\n<li>C\u00e1maras: OLYMPUS DP23 (6.4Mpx) y EUROMEX Cmex DC-10000-P (10.0 Mpx), ambas con programario de imagen dedicado.<\/li>\n<\/ul>\n<h5><\/h5>\n<h5>Responsable<\/h5>\n<p><a href=\"https:\/\/icac.cat\/es\/quienes-somos\/personal\/msavin\/\" target=\"_blank\" rel=\"noopener\">Marie-Claire Savin<\/a> (arque\u00f3loga i ge\u00f3loga), t\u00e9cnica superior de apoyo a la investigaci\u00f3n de la <a href=\"https:\/\/icac.cat\/es\/servicios\/unidad-de-estudios-arqueometricos\/presentacion\/\" target=\"_blank\" rel=\"noopener\">Unidad de Estudios Arqueom\u00e9tricos<\/a> del ICAC-CERCA.<\/p>\n","protected":false},"excerpt":{"rendered":"<p>La plataforma de microscop\u00eda pone a disposici\u00f3n de los equipos de investigaci\u00f3n del ICAC-CERCA un conjunto de instrumentos para la observaci\u00f3n y captura de im\u00e1genes para el an\u00e1lisis detallado de artefactos arqueol\u00f3gicos (materiales l\u00edticos, biol\u00f3gicos, sedimentos, etc.). Servicios Observaci\u00f3n a baja ampliaci\u00f3n: ZEISS Stemi 305, 508 y 2000-C 508. Observaci\u00f3n tridimensional de los artefactos. Obtenci\u00f3n [&hellip;]<\/p>\n","protected":false},"author":160,"featured_media":76900,"parent":82281,"menu_order":4,"comment_status":"closed","ping_status":"closed","template":"template-subhome.php","meta":{"_genesis_hide_title":false,"_genesis_hide_breadcrumbs":false,"_genesis_hide_singular_image":false,"_genesis_hide_footer_widgets":false,"_genesis_custom_body_class":"","_genesis_custom_post_class":"","_genesis_layout":""},"_links":{"self":[{"href":"https:\/\/icac.cat\/es\/wp-json\/wp\/v2\/pages\/82502"}],"collection":[{"href":"https:\/\/icac.cat\/es\/wp-json\/wp\/v2\/pages"}],"about":[{"href":"https:\/\/icac.cat\/es\/wp-json\/wp\/v2\/types\/page"}],"author":[{"embeddable":true,"href":"https:\/\/icac.cat\/es\/wp-json\/wp\/v2\/users\/160"}],"replies":[{"embeddable":true,"href":"https:\/\/icac.cat\/es\/wp-json\/wp\/v2\/comments?post=82502"}],"version-history":[{"count":5,"href":"https:\/\/icac.cat\/es\/wp-json\/wp\/v2\/pages\/82502\/revisions"}],"predecessor-version":[{"id":94776,"href":"https:\/\/icac.cat\/es\/wp-json\/wp\/v2\/pages\/82502\/revisions\/94776"}],"up":[{"embeddable":true,"href":"https:\/\/icac.cat\/es\/wp-json\/wp\/v2\/pages\/82281"}],"wp:featuredmedia":[{"embeddable":true,"href":"https:\/\/icac.cat\/es\/wp-json\/wp\/v2\/media\/76900"}],"wp:attachment":[{"href":"https:\/\/icac.cat\/es\/wp-json\/wp\/v2\/media?parent=82502"}],"curies":[{"name":"wp","href":"https:\/\/api.w.org\/{rel}","templated":true}]}}