{"id":82508,"date":"2023-02-10T12:14:04","date_gmt":"2023-02-10T11:14:04","guid":{"rendered":"https:\/\/icac.cat\/?page_id=82508"},"modified":"2023-02-10T12:19:45","modified_gmt":"2023-02-10T11:19:45","slug":"arqueologiacomputacional","status":"publish","type":"page","link":"https:\/\/icac.cat\/es\/servicios\/plataformas-cientificas\/arqueologiacomputacional\/","title":{"rendered":"Laboratorio de Arqueolog\u00eda Computacional"},"content":{"rendered":"<p>&nbsp;<\/p>\n<p>El Laboratorio de Arqueolog\u00eda Computacional es una plataforma creada para dar apoyo a investigadores interesados \u200b\u200ben el <strong>desarrollo de aplicaciones computacionales para el estudio del pasado<\/strong>: aplicaciones geoespaciales (teledetecci\u00f3n y SIG), geoestad\u00edstica, reconstrucci\u00f3n 3D y modelizaci\u00f3n, an\u00e1lisis de redes, simulaci\u00f3n y aplicaciones de inteligencia artificial (machine learning, deep learning).<\/p>\n<div class=\"facility__equipment\">\n<h5>Servicios<\/h5>\n<p>Los miembros del laboratorio colaboran en el dise\u00f1o y desarrollo de aplicaciones inform\u00e1ticas espec\u00edficas para proyectos de investigaci\u00f3n en arqueolog\u00eda.<\/p>\n<\/div>\n<div><\/div>\n<div>\n<div class=\"highlight-block\">\n<p style=\"text-align: center;\"><a href=\"https:\/\/ginys.cerca.cat\/facility\/plataforma-darqueologia-computacional\/\" target=\"_blank\" rel=\"noopener\">Consulta en el portal CERCAGINYS la informaci\u00f3n detallada sobre los servicios que ofrece esta plataforma cient\u00edfica<\/a><\/p>\n<\/div>\n<\/div>\n<div class=\"facility__equipment\">\n<h5>Equipamiento<\/h5>\n<div>\n<ul>\n<li>Servidor adaptable a distintos tipos de operaciones computacionales y tratamiento de datos (Supermicro 4U Dual AMD EPYC 32, 500GB RAM, 2 GPUs Nvidia A40 con 48GB cada una)<\/li>\n<li>Ordenadores especializados en fotogrametr\u00eda y SIG (con 64 GB de RAM y GPUs Nvidia de 12 GB de RAM cada una)<\/li>\n<li>Esc\u00e1ner \u00f3ptico A3 para fotogrametr\u00eda<\/li>\n<li>Esc\u00e1ner 3D metrol\u00f3gico automatizado de alta resoluci\u00f3n (submilim\u00e9trico)<\/li>\n<\/ul>\n<\/div>\n<\/div>\n<div class=\"facility__staff\">\n<h5><\/h5>\n<h5>Personal<\/h5>\n<div>\n<div class=\"facility__staff-job\"><strong><span class=\"comment-meta\">Investigador responsable<\/span><\/strong><\/div>\n<\/div>\n<div class=\"facility__staff-person\"><a href=\"https:\/\/icac.cat\/es\/quienes-somos\/personal\/horengo\/\" target=\"_blank\" rel=\"noopener\">H\u00e8ctor A. Orengo<\/a> (ICREA-ICAC, GIAP)<\/div>\n<\/div>\n<div><\/div>\n<div class=\"facility__staff-person\"><\/div>\n","protected":false},"excerpt":{"rendered":"<p>&nbsp; El Laboratorio de Arqueolog\u00eda Computacional es una plataforma creada para dar apoyo a investigadores interesados \u200b\u200ben el desarrollo de aplicaciones computacionales para el estudio del pasado: aplicaciones geoespaciales (teledetecci\u00f3n y SIG), geoestad\u00edstica, reconstrucci\u00f3n 3D y modelizaci\u00f3n, an\u00e1lisis de redes, simulaci\u00f3n y aplicaciones de inteligencia artificial (machine learning, deep learning). Servicios Los miembros del laboratorio [&hellip;]<\/p>\n","protected":false},"author":160,"featured_media":0,"parent":82281,"menu_order":5,"comment_status":"closed","ping_status":"closed","template":"template-subhome.php","meta":{"_genesis_hide_title":false,"_genesis_hide_breadcrumbs":false,"_genesis_hide_singular_image":false,"_genesis_hide_footer_widgets":false,"_genesis_custom_body_class":"","_genesis_custom_post_class":"","_genesis_layout":""},"_links":{"self":[{"href":"https:\/\/icac.cat\/es\/wp-json\/wp\/v2\/pages\/82508"}],"collection":[{"href":"https:\/\/icac.cat\/es\/wp-json\/wp\/v2\/pages"}],"about":[{"href":"https:\/\/icac.cat\/es\/wp-json\/wp\/v2\/types\/page"}],"author":[{"embeddable":true,"href":"https:\/\/icac.cat\/es\/wp-json\/wp\/v2\/users\/160"}],"replies":[{"embeddable":true,"href":"https:\/\/icac.cat\/es\/wp-json\/wp\/v2\/comments?post=82508"}],"version-history":[{"count":3,"href":"https:\/\/icac.cat\/es\/wp-json\/wp\/v2\/pages\/82508\/revisions"}],"predecessor-version":[{"id":82511,"href":"https:\/\/icac.cat\/es\/wp-json\/wp\/v2\/pages\/82508\/revisions\/82511"}],"up":[{"embeddable":true,"href":"https:\/\/icac.cat\/es\/wp-json\/wp\/v2\/pages\/82281"}],"wp:attachment":[{"href":"https:\/\/icac.cat\/es\/wp-json\/wp\/v2\/media?parent=82508"}],"curies":[{"name":"wp","href":"https:\/\/api.w.org\/{rel}","templated":true}]}}