{"id":82838,"date":"2023-02-22T15:07:12","date_gmt":"2023-02-22T14:07:12","guid":{"rendered":"https:\/\/icac.cat\/?page_id=82838"},"modified":"2023-02-22T15:11:59","modified_gmt":"2023-02-22T14:11:59","slug":"pir-2020","status":"publish","type":"page","link":"https:\/\/icac.cat\/es\/pir-2020\/","title":{"rendered":"Programa de Iniciaci\u00f3n a la Investigaci\u00f3n (PIR) 2020"},"content":{"rendered":"<p>Aqu\u00ed pod\u00e9is consultar la informaci\u00f3n relativa a la <strong>convocatoria 2020<\/strong> del Programa de Iniciaci\u00f3n a la Investigaci\u00f3n (PIR), dirigido a los y las estudiantes del M\u00e1ster en Arqueolog\u00eda Cl\u00e1sica (URV-UAB-ICAC).<\/p>\n<p>\u21d2 Plazo para presentar solicitudes: del 14\/02\/2020 al 21\/02\/2020<\/p>\n<p>&nbsp;<\/p>\n<p><strong>Documentos:<\/strong><\/p>\n<p><a class=\"icona-pdf\" href=\"https:\/\/icac.cat\/wp-content\/uploads\/2018\/02\/PIR2020_Resolucio.pdf\" target=\"_blank\" rel=\"noopener\">Resoluci\u00f3n del director de l&#8217;ICAC<\/a> (r\u00fabrica manual 13\/02\/2020)<\/p>\n<p><a class=\"icona-pdf\" href=\"https:\/\/icac.cat\/wp-content\/uploads\/2018\/02\/PIR2020_Bases.pdf\" target=\"_blank\" rel=\"noopener\">Bases de la convocatoria<\/a> (r\u00fabrica manual 13\/02\/2020)<\/p>\n<p><a class=\"icona-word\" href=\"https:\/\/icac.cat\/wp-content\/uploads\/2018\/02\/PIR2020_Annex-2.docx\" target=\"_blank\" rel=\"noopener\">Anexo 2 <\/a>(solicitud)<\/p>\n<p><a class=\"icona-word\" href=\"https:\/\/icac.cat\/wp-content\/uploads\/2018\/02\/PIR2020_Annex-3.docx\" target=\"_blank\" rel=\"noopener\">Anexo 3 <\/a>(aceptaci\u00f3n de la inscripci\u00f3n)<\/p>\n<p>&nbsp;<\/p>\n<p><strong>Resoluciones:<\/strong><\/p>\n<p><a class=\"icona-pdf\" href=\"https:\/\/icac.cat\/wp-content\/uploads\/2018\/02\/PIR-2020_Admesos-Exclosos-Definitiva.pdf\" target=\"_blank\" rel=\"noopener\">Relaci\u00f3n definitiva de admisiones y exclusiones<\/a> (26\/02\/2020)<\/p>\n<p><a class=\"icona-pdf\" href=\"https:\/\/icac.cat\/wp-content\/uploads\/2018\/02\/PIR-2020_Proposta-provisional-adjudicacio-places.pdf\" target=\"_blank\" rel=\"noopener\">Propuesta provisional de inscripci\u00f3n al programa<\/a> (26\/02\/2020)<\/p>\n<p>&nbsp;<\/p>\n","protected":false},"excerpt":{"rendered":"<p>Aqu\u00ed pod\u00e9is consultar la informaci\u00f3n relativa a la convocatoria 2020 del Programa de Iniciaci\u00f3n a la Investigaci\u00f3n (PIR), dirigido a los y las estudiantes del M\u00e1ster en Arqueolog\u00eda Cl\u00e1sica (URV-UAB-ICAC). \u21d2 Plazo para presentar solicitudes: del 14\/02\/2020 al 21\/02\/2020 &nbsp; Documentos: Resoluci\u00f3n del director de l&#8217;ICAC (r\u00fabrica manual 13\/02\/2020) Bases de la convocatoria (r\u00fabrica manual [&hellip;]<\/p>\n","protected":false},"author":160,"featured_media":0,"parent":0,"menu_order":0,"comment_status":"closed","ping_status":"closed","template":"","meta":{"_genesis_hide_title":false,"_genesis_hide_breadcrumbs":false,"_genesis_hide_singular_image":false,"_genesis_hide_footer_widgets":false,"_genesis_custom_body_class":"","_genesis_custom_post_class":"","_genesis_layout":""},"_links":{"self":[{"href":"https:\/\/icac.cat\/es\/wp-json\/wp\/v2\/pages\/82838"}],"collection":[{"href":"https:\/\/icac.cat\/es\/wp-json\/wp\/v2\/pages"}],"about":[{"href":"https:\/\/icac.cat\/es\/wp-json\/wp\/v2\/types\/page"}],"author":[{"embeddable":true,"href":"https:\/\/icac.cat\/es\/wp-json\/wp\/v2\/users\/160"}],"replies":[{"embeddable":true,"href":"https:\/\/icac.cat\/es\/wp-json\/wp\/v2\/comments?post=82838"}],"version-history":[{"count":3,"href":"https:\/\/icac.cat\/es\/wp-json\/wp\/v2\/pages\/82838\/revisions"}],"predecessor-version":[{"id":82841,"href":"https:\/\/icac.cat\/es\/wp-json\/wp\/v2\/pages\/82838\/revisions\/82841"}],"wp:attachment":[{"href":"https:\/\/icac.cat\/es\/wp-json\/wp\/v2\/media?parent=82838"}],"curies":[{"name":"wp","href":"https:\/\/api.w.org\/{rel}","templated":true}]}}