{"id":84829,"date":"2023-04-13T18:12:17","date_gmt":"2023-04-13T16:12:17","guid":{"rendered":"https:\/\/icac.cat\/?page_id=84829"},"modified":"2023-04-13T21:43:19","modified_gmt":"2023-04-13T19:43:19","slug":"oportunidades","status":"publish","type":"page","link":"https:\/\/icac.cat\/es\/investigacion\/acciones-msc\/oportunidades\/","title":{"rendered":"Oportunidades"},"content":{"rendered":"<p><a href=\"https:\/\/icac.cat\/wp-content\/uploads\/2020\/06\/MSC-Actions_banner2.png\"><img loading=\"lazy\" class=\"aligncenter wp-image-47727\" src=\"https:\/\/icac.cat\/wp-content\/uploads\/2020\/06\/MSC-Actions_banner2-1024x213.png\" alt=\"MSC Actions_banner(2)\" width=\"553\" height=\"115\" srcset=\"https:\/\/icac.cat\/wp-content\/uploads\/2020\/06\/MSC-Actions_banner2-1024x213.png 1024w, https:\/\/icac.cat\/wp-content\/uploads\/2020\/06\/MSC-Actions_banner2-400x83.png 400w, https:\/\/icac.cat\/wp-content\/uploads\/2020\/06\/MSC-Actions_banner2.png 1149w\" sizes=\"(max-width: 553px) 100vw, 553px\" \/><\/a><\/p>\n<p>&nbsp;<\/p>\n<p><strong>Visita nuestros\u00a0<a href=\"https:\/\/icac.cat\/es\/investigacion\/equipos-de-investigacion\/\" target=\"_blank\" rel=\"noopener\">equipos de investigaci\u00f3n<\/a><\/strong>, l\u00edderes en arqueolog\u00eda del paisaje; territorios romanos; ciudad y arquitectura antiguas; arqueometr\u00eda; protohistoria; cultura material, econom\u00eda y comercio; antig\u00fcedad tard\u00eda y mediterr\u00e1nea oriental grecorromana.<\/p>\n<p>Somos pioneros en algunas de\u00a0<strong>las t\u00e9cnicas m\u00e1s innovadoras<\/strong>, como la prospecci\u00f3n arqueol\u00f3gica\u00a0automatizada con drones,\u00a0<em>machine learning<\/em>\u00a0arqueol\u00f3gico, catodoluminescencia (CL), fotogrametr\u00eda, escaneo l\u00e1ser 3D o cartograf\u00eda digital arqueomorfol\u00f3gica.<\/p>\n<p>Hay muchos m\u00e1s temas de investigaci\u00f3n disponibles junto con\u00a0<strong>distintas \u00e1reas de estudio<\/strong>\u00a0en toda la Mediterr\u00e1nea y m\u00e1s all\u00e1, donde se pueden desarrollar nuevas investigaciones, ya sea como parte de proyectos en curso o como proyectos independientes.<\/p>\n<div class=\"highlight-block\">\n<p>El ICAC es <strong>un centro de investigaci\u00f3n excelente<\/strong> para desarrollar proyectos MSCA, con equipos de \u00faltima generaci\u00f3n, laboratorios, biblioteca y espacios de docencia y reuni\u00f3n. El Instituto ofrece a los beneficiarios de una MSCA la oportunidad de solicitar financiaci\u00f3n adicional para completar su investigaci\u00f3n. Tambi\u00e9n, hay la posibilidad de disponer de tareas docentes y de supervisi\u00f3n opcionales que pueden ayudar a avanzar en el desarrollo de carrera investigadora.<\/p>\n<\/div>\n<p style=\"text-align: center;\">Para m\u00e1s informaci\u00f3n, contactad con\u00a0<a href=\"mailto:recerca@icac.cat\">recerca@icac.cat<\/a><\/p>\n<p><strong>Pod\u00e9is contactar con uno de los supervisores disponibles<\/strong>\u00a0para discutir un posible proyecto. Tenemos mucha experiencia en la preparaci\u00f3n de proyectos MSCA y hemos tenido una alta tasa de \u00e9xito en las \u00faltimas convocatorias.<\/p>\n","protected":false},"excerpt":{"rendered":"<p>&nbsp; Visita nuestros\u00a0equipos de investigaci\u00f3n, l\u00edderes en arqueolog\u00eda del paisaje; territorios romanos; ciudad y arquitectura antiguas; arqueometr\u00eda; protohistoria; cultura material, econom\u00eda y comercio; antig\u00fcedad tard\u00eda y mediterr\u00e1nea oriental grecorromana. Somos pioneros en algunas de\u00a0las t\u00e9cnicas m\u00e1s innovadoras, como la prospecci\u00f3n arqueol\u00f3gica\u00a0automatizada con drones,\u00a0machine learning\u00a0arqueol\u00f3gico, catodoluminescencia (CL), fotogrametr\u00eda, escaneo l\u00e1ser 3D o cartograf\u00eda digital arqueomorfol\u00f3gica. Hay [&hellip;]<\/p>\n","protected":false},"author":160,"featured_media":0,"parent":47801,"menu_order":0,"comment_status":"closed","ping_status":"closed","template":"template-llistat-links.php","meta":{"_genesis_hide_title":false,"_genesis_hide_breadcrumbs":false,"_genesis_hide_singular_image":false,"_genesis_hide_footer_widgets":false,"_genesis_custom_body_class":"","_genesis_custom_post_class":"","_genesis_layout":""},"_links":{"self":[{"href":"https:\/\/icac.cat\/es\/wp-json\/wp\/v2\/pages\/84829"}],"collection":[{"href":"https:\/\/icac.cat\/es\/wp-json\/wp\/v2\/pages"}],"about":[{"href":"https:\/\/icac.cat\/es\/wp-json\/wp\/v2\/types\/page"}],"author":[{"embeddable":true,"href":"https:\/\/icac.cat\/es\/wp-json\/wp\/v2\/users\/160"}],"replies":[{"embeddable":true,"href":"https:\/\/icac.cat\/es\/wp-json\/wp\/v2\/comments?post=84829"}],"version-history":[{"count":3,"href":"https:\/\/icac.cat\/es\/wp-json\/wp\/v2\/pages\/84829\/revisions"}],"predecessor-version":[{"id":84832,"href":"https:\/\/icac.cat\/es\/wp-json\/wp\/v2\/pages\/84829\/revisions\/84832"}],"up":[{"embeddable":true,"href":"https:\/\/icac.cat\/es\/wp-json\/wp\/v2\/pages\/47801"}],"wp:attachment":[{"href":"https:\/\/icac.cat\/es\/wp-json\/wp\/v2\/media?parent=84829"}],"curies":[{"name":"wp","href":"https:\/\/api.w.org\/{rel}","templated":true}]}}