{"id":84839,"date":"2023-04-13T18:18:49","date_gmt":"2023-04-13T16:18:49","guid":{"rendered":"https:\/\/icac.cat\/?page_id=84839"},"modified":"2023-04-13T21:58:27","modified_gmt":"2023-04-13T19:58:27","slug":"convocatorias","status":"publish","type":"page","link":"https:\/\/icac.cat\/es\/investigacion\/acciones-msc\/convocatorias\/","title":{"rendered":"Convocatorias"},"content":{"rendered":"<h5 class=\"elementor-heading-title elementor-size-default\"><strong>\u00a1\u00danete a nuestra vibrante comunidad internacional de investigadores e investigadoras postdoctorales!<\/strong><\/h5>\n<div class=\"highlight-block\">\n<p>El ICAC es <strong>un centro de investigaci\u00f3n excelente<\/strong> para desarrollar proyectos MSCA, con equipos de \u00faltima generaci\u00f3n, laboratorios, biblioteca y espacios de docencia y reuni\u00f3n. El Instituto ofrece a los beneficiarios de una MSCA la oportunidad de solicitar financiaci\u00f3n adicional para completar su investigaci\u00f3n. Tambi\u00e9n, hay la posibilidad de disponer de tareas docentes y de supervisi\u00f3n opcionales que pueden ayudar a avanzar en el desarrollo de carrera investigadora.<\/p>\n<\/div>\n<p class=\"elementor-heading-title elementor-size-default\" style=\"text-align: left;\">Nuestro objetivo es promover investigaci\u00f3n innovadora, formaci\u00f3n avanzada y transferencia de conocimiento sobre la arqueolog\u00eda de civilizaciones y culturas antiguas.<\/p>\n<p class=\"elementor-heading-title elementor-size-default\" style=\"text-align: left;\">La visi\u00f3n amplia e interdisciplinar del ICAC sobre la arqueolog\u00eda cl\u00e1sica lo convierte en un centro ideal para impulsar tu carrera cient\u00edfica.<\/p>\n<p>&nbsp;<\/p>\n<p><img loading=\"lazy\" class=\"aligncenter size-large wp-image-56000\" src=\"https:\/\/icac.cat\/wp-content\/uploads\/2020\/06\/Apply-for-a-MSCA-IF-call-no-date-1024x512.png\" alt=\"Apply for a MSCA IF call (no date)\" width=\"790\" height=\"395\" srcset=\"https:\/\/icac.cat\/wp-content\/uploads\/2020\/06\/Apply-for-a-MSCA-IF-call-no-date.png 1024w, https:\/\/icac.cat\/wp-content\/uploads\/2020\/06\/Apply-for-a-MSCA-IF-call-no-date-400x200.png 400w\" sizes=\"(max-width: 790px) 100vw, 790px\" \/><\/p>\n<p style=\"text-align: center;\">M\u00e1s informaci\u00f3n sobre la convocatoria: <a href=\"https:\/\/marie-sklodowska-curie-actions.ec.europa.eu\/\" target=\"_blank\" rel=\"noopener\">https:\/\/marie-sklodowska-curie-actions.ec.europa.eu\/<\/a><\/p>\n<p style=\"text-align: center;\"><a href=\"https:\/\/marie-sklodowska-curie-actions.ec.europa.eu\/actions\/how-to-apply\" target=\"_blank\" rel=\"noopener\"><strong>How to apply<\/strong><\/a><\/p>\n<hr \/>\n<p>Hay dos\u00a0<strong>requisitos principales de elegibilidad<\/strong>\u00a0para poder presentar una propuesta MSCA-IF con nosotros en el ICAC:<\/p>\n<ol>\n<li>Las personas candidatas deben tener un t\u00edtulo de doctorado (o experiencia investigadora equivalente de al menos cuatro a\u00f1os de experiencia investigadora a tiempo completo antes de la fecha l\u00edmite de la convocatoria).<\/li>\n<li>Las personas candidatas pueden ser de cualquier nacionalidad, pero no pueden haber residido ni trabajado en Espa\u00f1a m\u00e1s de 12 meses durante los tres a\u00f1os previos a la fecha de cierre de la convocatoria.<\/li>\n<\/ol>\n<hr \/>\n<div class=\"highlight-block\">\n<p>El ICAC da especial apoyo a la presentaci\u00f3n de candidaturas de investigadoras y miembros de colectivos desfavorecidos, y sigue los principios de contrataci\u00f3n OTM-R,\u00a0de acuerdo con la implementaci\u00f3n de la\u00a0<a href=\"https:\/\/www.euraxess.es\/spain\/services\/human-resources-strategy-researchers-hrs4r\" target=\"_blank\" rel=\"noopener\">Human Resources Strategy for Researchers<\/a>\u00a0(HRS4R) de la Comisi\u00f3n Europea. El ICAC dispone de la acreditaci\u00f3n y la etiqueta HRS4R desde 2015 (Aqu\u00ed\u00a0<a href=\"https:\/\/icac.cat\/es\/quienes-somos\/excelencia-en-rh\/hr-excellence-in-research\/\" target=\"_blank\" rel=\"noopener\">m\u00e1s informaci\u00f3n<\/a>).<\/p>\n<\/div>\n<p><img loading=\"lazy\" class=\"aligncenter size-large wp-image-73877\" src=\"https:\/\/icac.cat\/wp-content\/uploads\/2021\/12\/HRS4R-ICAC-renewal-1024x576.jpg\" alt=\"\" width=\"790\" height=\"444\" srcset=\"https:\/\/icac.cat\/wp-content\/uploads\/2021\/12\/HRS4R-ICAC-renewal-1024x576.jpg 1024w, https:\/\/icac.cat\/wp-content\/uploads\/2021\/12\/HRS4R-ICAC-renewal-400x225.jpg 400w, https:\/\/icac.cat\/wp-content\/uploads\/2021\/12\/HRS4R-ICAC-renewal-768x432.jpg 768w, https:\/\/icac.cat\/wp-content\/uploads\/2021\/12\/HRS4R-ICAC-renewal-1536x864.jpg 1536w, https:\/\/icac.cat\/wp-content\/uploads\/2021\/12\/HRS4R-ICAC-renewal.jpg 1920w\" sizes=\"(max-width: 790px) 100vw, 790px\" \/><\/p>\n","protected":false},"excerpt":{"rendered":"<p>\u00a1\u00danete a nuestra vibrante comunidad internacional de investigadores e investigadoras postdoctorales! El ICAC es un centro de investigaci\u00f3n excelente para desarrollar proyectos MSCA, con equipos de \u00faltima generaci\u00f3n, laboratorios, biblioteca y espacios de docencia y reuni\u00f3n. El Instituto ofrece a los beneficiarios de una MSCA la oportunidad de solicitar financiaci\u00f3n adicional para completar su investigaci\u00f3n. [&hellip;]<\/p>\n","protected":false},"author":160,"featured_media":0,"parent":47801,"menu_order":1,"comment_status":"closed","ping_status":"closed","template":"","meta":{"_genesis_hide_title":false,"_genesis_hide_breadcrumbs":false,"_genesis_hide_singular_image":false,"_genesis_hide_footer_widgets":false,"_genesis_custom_body_class":"","_genesis_custom_post_class":"","_genesis_layout":""},"_links":{"self":[{"href":"https:\/\/icac.cat\/es\/wp-json\/wp\/v2\/pages\/84839"}],"collection":[{"href":"https:\/\/icac.cat\/es\/wp-json\/wp\/v2\/pages"}],"about":[{"href":"https:\/\/icac.cat\/es\/wp-json\/wp\/v2\/types\/page"}],"author":[{"embeddable":true,"href":"https:\/\/icac.cat\/es\/wp-json\/wp\/v2\/users\/160"}],"replies":[{"embeddable":true,"href":"https:\/\/icac.cat\/es\/wp-json\/wp\/v2\/comments?post=84839"}],"version-history":[{"count":2,"href":"https:\/\/icac.cat\/es\/wp-json\/wp\/v2\/pages\/84839\/revisions"}],"predecessor-version":[{"id":84842,"href":"https:\/\/icac.cat\/es\/wp-json\/wp\/v2\/pages\/84839\/revisions\/84842"}],"up":[{"embeddable":true,"href":"https:\/\/icac.cat\/es\/wp-json\/wp\/v2\/pages\/47801"}],"wp:attachment":[{"href":"https:\/\/icac.cat\/es\/wp-json\/wp\/v2\/media?parent=84839"}],"curies":[{"name":"wp","href":"https:\/\/api.w.org\/{rel}","templated":true}]}}