{"id":85029,"date":"2023-04-19T20:55:10","date_gmt":"2023-04-19T18:55:10","guid":{"rendered":"https:\/\/icac.cat\/?page_id=85029"},"modified":"2023-11-22T08:49:34","modified_gmt":"2023-11-22T07:49:34","slug":"43rd-aea-conference","status":"publish","type":"page","link":"https:\/\/icac.cat\/es\/difusion\/actividades-icac\/43rd-aea-conference\/","title":{"rendered":"43rd AEA Conference"},"content":{"rendered":"<h6>\u00a1Tarragona, sede del pr\u00f3ximo Congreso Anual de la AEA, Association for Environmental Archaeology!<\/h6>\n<p>El <a href=\"https:\/\/giap.icac.cat\/\" target=\"_blank\" rel=\"noopener\">Grupo de Investigaci\u00f3n en Arqueolog\u00eda del Paisaje (GIAP)<\/a> del ICAC coordina la 43\u00aa edici\u00f3n del congreso anual de la AEA, que se celebra en Tarragona del 24 al 26 de noviembre de 2023.<\/p>\n<p>Consulta toda la informaci\u00f3n en la <a href=\"https:\/\/aea2023.icac.cat\/\" target=\"_blank\" rel=\"noopener\"><strong>web del 43\u00ba Congreso AEA 2023 en Tarragona<\/strong><\/a>.<\/p>\n<p><img loading=\"lazy\" class=\"aligncenter size-large wp-image-88838\" src=\"https:\/\/icac.cat\/wp-content\/uploads\/2023\/11\/AEA2023Tgn_cardfinal-1024x576.jpg\" alt=\"\" width=\"790\" height=\"444\" srcset=\"https:\/\/icac.cat\/wp-content\/uploads\/2023\/11\/AEA2023Tgn_cardfinal-1024x576.jpg 1024w, https:\/\/icac.cat\/wp-content\/uploads\/2023\/11\/AEA2023Tgn_cardfinal-400x225.jpg 400w, https:\/\/icac.cat\/wp-content\/uploads\/2023\/11\/AEA2023Tgn_cardfinal-768x432.jpg 768w, https:\/\/icac.cat\/wp-content\/uploads\/2023\/11\/AEA2023Tgn_cardfinal-1536x864.jpg 1536w, https:\/\/icac.cat\/wp-content\/uploads\/2023\/11\/AEA2023Tgn_cardfinal.jpg 1920w\" sizes=\"(max-width: 790px) 100vw, 790px\" \/><\/p>\n<h5><\/h5>\n<div class=\"highlight-block\">\n<p style=\"text-align: center;\">Sigue la actualidad del congreso en las redes sociales con la etiqueta <strong><span class=\"r-18u37iz\"><a class=\"css-4rbku5 css-18t94o4 css-901oao css-16my406 r-1cvl2hr r-1loqt21 r-poiln3 r-bcqeeo r-1ny4l3l r-1ddef8g r-tjvw6i r-qvutc0\" dir=\"ltr\" role=\"link\" href=\"https:\/\/twitter.com\/hashtag\/AEA2023Tgn?src=hashtag_click\">#AEA2023Tgn<\/a><\/span><\/strong><\/p>\n<p style=\"text-align: center;\">Consulta la <a href=\"https:\/\/aea2023.icac.cat\/\" target=\"_blank\" rel=\"noopener\"><strong>web del 43\u00ba Congreso AEA 2023 en Tarragona<\/strong><\/a><\/p>\n<\/div>\n<p><span data-ccp-props=\"{&quot;201341983&quot;:1,&quot;335551550&quot;:6,&quot;335551620&quot;:6,&quot;335559739&quot;:160,&quot;335559740&quot;:240}\"> <img loading=\"lazy\" class=\"aligncenter size-large wp-image-88844\" src=\"https:\/\/icac.cat\/wp-content\/uploads\/2023\/11\/AEA2023Tgn_bannerfinal-1024x252.jpg\" alt=\"\" width=\"790\" height=\"194\" srcset=\"https:\/\/icac.cat\/wp-content\/uploads\/2023\/11\/AEA2023Tgn_bannerfinal-1024x252.jpg 1024w, https:\/\/icac.cat\/wp-content\/uploads\/2023\/11\/AEA2023Tgn_bannerfinal-400x98.jpg 400w, https:\/\/icac.cat\/wp-content\/uploads\/2023\/11\/AEA2023Tgn_bannerfinal-768x189.jpg 768w, https:\/\/icac.cat\/wp-content\/uploads\/2023\/11\/AEA2023Tgn_bannerfinal-1536x378.jpg 1536w, https:\/\/icac.cat\/wp-content\/uploads\/2023\/11\/AEA2023Tgn_bannerfinal.jpg 1920w\" sizes=\"(max-width: 790px) 100vw, 790px\" \/><\/span><\/p>\n<h6 aria-level=\"5\"><\/h6>\n<h6 aria-level=\"5\"><span data-contrast=\"none\">\u00a1Ven a conocer Tarragona!<\/span><\/h6>\n<p aria-level=\"5\"><a href=\"https:\/\/www.tarragonaturisme.cat\/en\"><span data-contrast=\"none\">Tarragona<\/span><\/a><span data-contrast=\"none\">\u00a0<\/span>es una ciudad portuaria situada al noreste de Espa\u00f1a, en el mar Mediterr\u00e1neo. <em>Tarraco<\/em>, tal y como se conoc\u00eda en \u00e9poca romana, es un testimonio elocuente y sin precedentes de una etapa importante de la historia del Mediterr\u00e1neo en la antig\u00fcedad. En el a\u00f1o 2000, la UNESCO declar\u00f3 su conjunto arqueol\u00f3gico Patrimonio de la Humanidad.<\/p>\n<p><em>Tarraco<\/em> era una peque\u00f1a Roma, abierta al Mediterr\u00e1neo y con un clima especialmente agradable, es decir, un buen lugar para vivir y prosperar. Este es todav\u00eda hoy el esp\u00edritu de la ciudad. Paseando por las calles y plazas de la ciudad medieval o contemplando los horizontes sobre el Mare Nostrum, podr\u00e1s revivir la agradable y ben\u00e9fica ciudad que ha inspirado a viajeros, artistas y chefs. En Tarragona, la historia sale de piedras y libros y cobra vida en su gente, su cocina y sus paisajes.<\/p>\n<p>Eso todav\u00eda se mantiene hoy en d\u00eda, cuando el NYTimes ha incluido Tarragona como <a href=\"https:\/\/www.nytimes.com\/interactive\/2023\/travel\/52-places-travel-2023.html?unlocked_article_code=Sxi8p-rJfMN-wsCZzAuAEC3GVQlwlPAJFWUQVZm4G08eqyQMIuUpoLvcqMw2-cBj1y8JXLueYPFImLcVXYaewm1YkH43kANumG0XRzcU5W4fV-FGw3YzQ1E4kIYcEld3HC9rLDg1qfx1UmIEWZgPSwxv6AUQjbOv4l5nTzXOSiuVUB1vgqp4VpvUSoB2BTAguMsnBZL2WxSnwJAova547HJONXhimWicvkp9hb0dAGmhJvk25SJJASj3wc2ctEQOEE7Ht_ToX_Xbp3_Q-22YODiYL5Rpbs37Q0KMmhR8t_apCEN2VnbE49y0etjNzZ8SRaCKLzaMB0n3UOqKJtVFke_kiYhK8kQt#tarragona\" target=\"_blank\" rel=\"noopener\">uno de los 52 destinos tur\u00edsticos esenciales para el 2023<\/a>.<\/p>\n<p>&nbsp;<\/p>\n<p><iframe loading=\"lazy\" title=\"YouTube video player\" src=\"https:\/\/www.youtube.com\/embed\/yqNgrB4GLfA\" width=\"560\" height=\"315\" frameborder=\"0\" allowfullscreen=\"allowfullscreen\" data-mce-fragment=\"1\"><\/iframe><\/p>\n","protected":false},"excerpt":{"rendered":"<p>\u00a1Tarragona, sede del pr\u00f3ximo Congreso Anual de la AEA, Association for Environmental Archaeology! El Grupo de Investigaci\u00f3n en Arqueolog\u00eda del Paisaje (GIAP) del ICAC coordina la 43\u00aa edici\u00f3n del congreso anual de la AEA, que se celebra en Tarragona del 24 al 26 de noviembre de 2023. Consulta toda la informaci\u00f3n en la web del [&hellip;]<\/p>\n","protected":false},"author":160,"featured_media":0,"parent":21674,"menu_order":2,"comment_status":"closed","ping_status":"closed","template":"template-fullwidth.php","meta":{"_genesis_hide_title":false,"_genesis_hide_breadcrumbs":false,"_genesis_hide_singular_image":false,"_genesis_hide_footer_widgets":false,"_genesis_custom_body_class":"","_genesis_custom_post_class":"","_genesis_layout":""},"_links":{"self":[{"href":"https:\/\/icac.cat\/es\/wp-json\/wp\/v2\/pages\/85029"}],"collection":[{"href":"https:\/\/icac.cat\/es\/wp-json\/wp\/v2\/pages"}],"about":[{"href":"https:\/\/icac.cat\/es\/wp-json\/wp\/v2\/types\/page"}],"author":[{"embeddable":true,"href":"https:\/\/icac.cat\/es\/wp-json\/wp\/v2\/users\/160"}],"replies":[{"embeddable":true,"href":"https:\/\/icac.cat\/es\/wp-json\/wp\/v2\/comments?post=85029"}],"version-history":[{"count":5,"href":"https:\/\/icac.cat\/es\/wp-json\/wp\/v2\/pages\/85029\/revisions"}],"predecessor-version":[{"id":88846,"href":"https:\/\/icac.cat\/es\/wp-json\/wp\/v2\/pages\/85029\/revisions\/88846"}],"up":[{"embeddable":true,"href":"https:\/\/icac.cat\/es\/wp-json\/wp\/v2\/pages\/21674"}],"wp:attachment":[{"href":"https:\/\/icac.cat\/es\/wp-json\/wp\/v2\/media?parent=85029"}],"curies":[{"name":"wp","href":"https:\/\/api.w.org\/{rel}","templated":true}]}}