{"id":89424,"date":"2023-11-28T11:17:53","date_gmt":"2023-11-28T10:17:53","guid":{"rendered":"https:\/\/icac.cat\/?page_id=89424"},"modified":"2023-12-12T09:21:54","modified_gmt":"2023-12-12T08:21:54","slug":"giap","status":"publish","type":"page","link":"https:\/\/icac.cat\/es\/investigacion\/grupos-de-investigacion\/giap\/","title":{"rendered":"GIAP"},"content":{"rendered":"<p>Creado en el a\u00f1o 2004, fue reconocido como grupo emergente por la AGAUR en 2009 (SGR1219). Entre los a\u00f1os 2014 y 2021 form\u00f3 parte del GRC MIRMED (2014 SGR 1197 y 2017 SGR 970). En la convocatoria SGR-Cat 2021 de la AGAUR fue <strong>reconocido como Grupo de Investigaci\u00f3n Consolidado<\/strong> de la Generalitat de Catalunya con n\u00famero de expediente 2021 SGR 00992.<\/p>\n<p>El objetivo principal de investigaci\u00f3n es el desarrollo de estudios interdisciplinarios y diacr\u00f3nicos del paisaje que permitan caracterizar las interacciones socioambientales y la formaci\u00f3n de paisajes culturales a partir de an\u00e1lisis arqueomorfol\u00f3gicos, arqueol\u00f3gicos e hist\u00f3ricos, bioarqueol\u00f3gicos, paleoambientales, espaciales y computacionales.<\/p>\n<p>Para ello, el grupo adopta un<strong> marcado enfoque interdisciplinario<\/strong> que incluye la bioarqueolog\u00eda y el paleoambiente, la geoarqueolog\u00eda, el estudio de campo, el an\u00e1lisis arqueomorfol\u00f3gico y metodolog\u00edas computacionales, como SIG, teledetecci\u00f3n o aprendizaje autom\u00e1tico.<\/p>\n<p>El GIAP es <strong>reconocido internacionalmente<\/strong> por su trabajo en arqueolog\u00eda de monta\u00f1a y pastoreo, estudios sobre sistemas agr\u00edcolas basados en el an\u00e1lisis arqueomorfol\u00f3gico y la arqueolog\u00eda computacional, incluyendo teledetecci\u00f3n y ciencias de la tierra.<\/p>\n<p>Los miembros del grupo actualmente dirigen proyectos en Catalu\u00f1a, Grecia, Turqu\u00eda y la India, y participan en proyectos en Italia, el Reino Unido, Mongolia e Ir\u00e1n. La red de colaboradores habituales incluye equipos e investigadores de todos los pa\u00edses mencionados anteriormente, adem\u00e1s de Estados Unidos y Francia.<\/p>\n","protected":false},"excerpt":{"rendered":"<p>Creado en el a\u00f1o 2004, fue reconocido como grupo emergente por la AGAUR en 2009 (SGR1219). Entre los a\u00f1os 2014 y 2021 form\u00f3 parte del GRC MIRMED (2014 SGR 1197 y 2017 SGR 970). En la convocatoria SGR-Cat 2021 de la AGAUR fue reconocido como Grupo de Investigaci\u00f3n Consolidado de la Generalitat de Catalunya con [&hellip;]<\/p>\n","protected":false},"author":160,"featured_media":70744,"parent":89364,"menu_order":2,"comment_status":"closed","ping_status":"closed","template":"template-grupsrecerca.php","meta":{"_genesis_hide_title":false,"_genesis_hide_breadcrumbs":false,"_genesis_hide_singular_image":false,"_genesis_hide_footer_widgets":false,"_genesis_custom_body_class":"","_genesis_custom_post_class":"","_genesis_layout":""},"_links":{"self":[{"href":"https:\/\/icac.cat\/es\/wp-json\/wp\/v2\/pages\/89424"}],"collection":[{"href":"https:\/\/icac.cat\/es\/wp-json\/wp\/v2\/pages"}],"about":[{"href":"https:\/\/icac.cat\/es\/wp-json\/wp\/v2\/types\/page"}],"author":[{"embeddable":true,"href":"https:\/\/icac.cat\/es\/wp-json\/wp\/v2\/users\/160"}],"replies":[{"embeddable":true,"href":"https:\/\/icac.cat\/es\/wp-json\/wp\/v2\/comments?post=89424"}],"version-history":[{"count":5,"href":"https:\/\/icac.cat\/es\/wp-json\/wp\/v2\/pages\/89424\/revisions"}],"predecessor-version":[{"id":89476,"href":"https:\/\/icac.cat\/es\/wp-json\/wp\/v2\/pages\/89424\/revisions\/89476"}],"up":[{"embeddable":true,"href":"https:\/\/icac.cat\/es\/wp-json\/wp\/v2\/pages\/89364"}],"wp:featuredmedia":[{"embeddable":true,"href":"https:\/\/icac.cat\/es\/wp-json\/wp\/v2\/media\/70744"}],"wp:attachment":[{"href":"https:\/\/icac.cat\/es\/wp-json\/wp\/v2\/media?parent=89424"}],"curies":[{"name":"wp","href":"https:\/\/api.w.org\/{rel}","templated":true}]}}