{"id":89442,"date":"2023-11-28T11:18:46","date_gmt":"2023-11-28T10:18:46","guid":{"rendered":"https:\/\/icac.cat\/?page_id=89442"},"modified":"2023-12-12T09:33:04","modified_gmt":"2023-12-12T08:33:04","slug":"mirmed-giac","status":"publish","type":"page","link":"https:\/\/icac.cat\/es\/investigacion\/grupos-de-investigacion\/mirmed-giac\/","title":{"rendered":"MIRMED-GIAC"},"content":{"rendered":"<p>El grupo MIRMED-GIAC tiene una s\u00f3lida trayectoria en el \u00e1mbito de la arqueolog\u00eda cl\u00e1sica. Creado originalmente en 2013 como MIRMED, Miradas sobre la Mediterr\u00e1nea en la Antig\u00fcedad. De Oriente a Occidente, desde la Protohistoria hasta la Antig\u00fcedad Tard\u00eda, es <strong>un grupo interinstitucional en arqueolog\u00eda cl\u00e1sica, que tambi\u00e9n incluye a la URV<\/strong>. Est\u00e1 compuesto por varios equipos de investigaci\u00f3n de ICAC, URV y UAB, con un perfil multidisciplinario que abarca una visi\u00f3n amplia de la arqueolog\u00eda cl\u00e1sica tanto cronol\u00f3gicamente (desde la protohistoria hasta la antig\u00fcedad tard\u00eda) como geogr\u00e1ficamente (en el marco del mar Mediterr\u00e1neo).<\/p>\n","protected":false},"excerpt":{"rendered":"<p>El grupo MIRMED-GIAC tiene una s\u00f3lida trayectoria en el \u00e1mbito de la arqueolog\u00eda cl\u00e1sica. Creado originalmente en 2013 como MIRMED, Miradas sobre la Mediterr\u00e1nea en la Antig\u00fcedad. De Oriente a Occidente, desde la Protohistoria hasta la Antig\u00fcedad Tard\u00eda, es un grupo interinstitucional en arqueolog\u00eda cl\u00e1sica, que tambi\u00e9n incluye a la URV. Est\u00e1 compuesto por varios [&hellip;]<\/p>\n","protected":false},"author":160,"featured_media":82606,"parent":89364,"menu_order":1,"comment_status":"closed","ping_status":"closed","template":"template-grupsrecerca.php","meta":{"_genesis_hide_title":false,"_genesis_hide_breadcrumbs":false,"_genesis_hide_singular_image":false,"_genesis_hide_footer_widgets":false,"_genesis_custom_body_class":"","_genesis_custom_post_class":"","_genesis_layout":""},"_links":{"self":[{"href":"https:\/\/icac.cat\/es\/wp-json\/wp\/v2\/pages\/89442"}],"collection":[{"href":"https:\/\/icac.cat\/es\/wp-json\/wp\/v2\/pages"}],"about":[{"href":"https:\/\/icac.cat\/es\/wp-json\/wp\/v2\/types\/page"}],"author":[{"embeddable":true,"href":"https:\/\/icac.cat\/es\/wp-json\/wp\/v2\/users\/160"}],"replies":[{"embeddable":true,"href":"https:\/\/icac.cat\/es\/wp-json\/wp\/v2\/comments?post=89442"}],"version-history":[{"count":4,"href":"https:\/\/icac.cat\/es\/wp-json\/wp\/v2\/pages\/89442\/revisions"}],"predecessor-version":[{"id":89479,"href":"https:\/\/icac.cat\/es\/wp-json\/wp\/v2\/pages\/89442\/revisions\/89479"}],"up":[{"embeddable":true,"href":"https:\/\/icac.cat\/es\/wp-json\/wp\/v2\/pages\/89364"}],"wp:featuredmedia":[{"embeddable":true,"href":"https:\/\/icac.cat\/es\/wp-json\/wp\/v2\/media\/82606"}],"wp:attachment":[{"href":"https:\/\/icac.cat\/es\/wp-json\/wp\/v2\/media?parent=89442"}],"curies":[{"name":"wp","href":"https:\/\/api.w.org\/{rel}","templated":true}]}}