{"id":89448,"date":"2023-11-28T11:18:21","date_gmt":"2023-11-28T10:18:21","guid":{"rendered":"https:\/\/icac.cat\/?page_id=89448"},"modified":"2025-09-24T08:31:37","modified_gmt":"2025-09-24T06:31:37","slug":"arpa-lira","status":"publish","type":"page","link":"https:\/\/icac.cat\/es\/investigacion\/grupos-de-investigacion\/arpa-lira\/","title":{"rendered":"ArPA-LIRA"},"content":{"rendered":"<p>Este nombre pretende captar el esp\u00edritu de dos grupos que hasta hace poco hab\u00edan trabajado de manera paralela, pero con un importante punto de contacto e inter\u00e9s com\u00fan compartido: la documentaci\u00f3n antigua para la investigaci\u00f3n arqueol\u00f3gica; y las fuentes literarias, la epigraf\u00eda, la papirolog\u00eda y las fuentes iconogr\u00e1ficas.<\/p>\n<p>Ambos grupos de trabajo surgen de equipos de investigaci\u00f3n consolidados con sede en el Instituto Catal\u00e1n de Arqueolog\u00eda Cl\u00e1sica: Arqueometr\u00eda y Producciones Art\u00edsticas (ArPA), m\u00e1s numeroso y articulado, centrado en el estudio de la explotaci\u00f3n y uso de materiales lapidarios en la Antig\u00fcedad; y Literatura, Iconograf\u00eda y Recepci\u00f3n de la Antig\u00fcedad (LIRA), que tiene, en cambio, un car\u00e1cter marcadamente filol\u00f3gico, pero con una l\u00ednea de investigaci\u00f3n especializada tambi\u00e9n en el an\u00e1lisis de las evidencias materiales, iconogr\u00e1ficas, papirol\u00f3gicas y epigr\u00e1ficas.<\/p>\n","protected":false},"excerpt":{"rendered":"<p>Este nombre pretende captar el esp\u00edritu de dos grupos que hasta hace poco hab\u00edan trabajado de manera paralela, pero con un importante punto de contacto e inter\u00e9s com\u00fan compartido: la documentaci\u00f3n antigua para la investigaci\u00f3n arqueol\u00f3gica; y las fuentes literarias, la epigraf\u00eda, la papirolog\u00eda y las fuentes iconogr\u00e1ficas. Ambos grupos de trabajo surgen de equipos [&hellip;]<\/p>\n","protected":false},"author":160,"featured_media":70043,"parent":89364,"menu_order":3,"comment_status":"closed","ping_status":"closed","template":"template-grupsrecerca.php","meta":{"_genesis_hide_title":false,"_genesis_hide_breadcrumbs":false,"_genesis_hide_singular_image":false,"_genesis_hide_footer_widgets":false,"_genesis_custom_body_class":"","_genesis_custom_post_class":"","_genesis_layout":""},"_links":{"self":[{"href":"https:\/\/icac.cat\/es\/wp-json\/wp\/v2\/pages\/89448"}],"collection":[{"href":"https:\/\/icac.cat\/es\/wp-json\/wp\/v2\/pages"}],"about":[{"href":"https:\/\/icac.cat\/es\/wp-json\/wp\/v2\/types\/page"}],"author":[{"embeddable":true,"href":"https:\/\/icac.cat\/es\/wp-json\/wp\/v2\/users\/160"}],"replies":[{"embeddable":true,"href":"https:\/\/icac.cat\/es\/wp-json\/wp\/v2\/comments?post=89448"}],"version-history":[{"count":4,"href":"https:\/\/icac.cat\/es\/wp-json\/wp\/v2\/pages\/89448\/revisions"}],"predecessor-version":[{"id":101928,"href":"https:\/\/icac.cat\/es\/wp-json\/wp\/v2\/pages\/89448\/revisions\/101928"}],"up":[{"embeddable":true,"href":"https:\/\/icac.cat\/es\/wp-json\/wp\/v2\/pages\/89364"}],"wp:featuredmedia":[{"embeddable":true,"href":"https:\/\/icac.cat\/es\/wp-json\/wp\/v2\/media\/70043"}],"wp:attachment":[{"href":"https:\/\/icac.cat\/es\/wp-json\/wp\/v2\/media?parent=89448"}],"curies":[{"name":"wp","href":"https:\/\/api.w.org\/{rel}","templated":true}]}}