{"id":90855,"date":"2024-01-29T11:12:00","date_gmt":"2024-01-29T10:12:00","guid":{"rendered":"https:\/\/icac.cat\/?page_id=90855"},"modified":"2024-01-29T11:18:48","modified_gmt":"2024-01-29T10:18:48","slug":"pir-2023","status":"publish","type":"page","link":"https:\/\/icac.cat\/es\/pir-2023\/","title":{"rendered":"Programa de Iniciaci\u00f3n a la Investigaci\u00f3n (PIR) 2023"},"content":{"rendered":"<p>Aqu\u00ed puede consultar la informaci\u00f3n relativa a la <strong>convocatoria 2023<\/strong> del Programa de Iniciaci\u00f3n a la Investigaci\u00f3n (PIR, en sus siglas en catal\u00e1n), dirigido a los estudiantes del <a href=\"https:\/\/icac.cat\/es\/formacion\/master-arqueologia-clasica-aplicada\/\"><strong>M\u00e1ster universitario en Arqueolog\u00eda Cl\u00e1sica Aplicada. Investigaci\u00f3n y Transferencia (URV-ICAC-UAB)<\/strong><\/a>.<\/p>\n<p>&nbsp;<\/p>\n<p><strong>Documentaci\u00f3n relacionada:<\/strong><\/p>\n<p><a class=\"icona-pdf\" href=\"https:\/\/icac.cat\/wp-content\/uploads\/2023\/02\/Bases-PIR23.pdf\" target=\"_blank\" rel=\"noopener\">Bases de la convocatoria<\/a>\u00a0(r\u00fabrica manual 21\/02\/2023)<\/p>\n<p><a class=\"icona-word\" href=\"https:\/\/icac.cat\/wp-content\/uploads\/2023\/02\/014.4.5-Annex1-1.docx\" target=\"_blank\" rel=\"noopener\">Anexo 1<\/a> (solicitud)<\/p>\n<p><a class=\"icona-word\" href=\"https:\/\/icac.cat\/wp-content\/uploads\/2023\/02\/014.4.5-Annex2.docx\" target=\"_blank\" rel=\"noopener\">Anexo 2<\/a> (aceptaci\u00f3n de la inscripci\u00f3n)<\/p>\n<p>(El plazo para presentar solicitudes finaliz\u00f3 el 8 de marzo de 2023 a les 23.59 h)<\/p>\n<p>&nbsp;<\/p>\n<p><strong>Resoluciones:<\/strong><\/p>\n<p><a class=\"icona-pdf\" href=\"https:\/\/icac.cat\/wp-content\/uploads\/2023\/03\/Ref.-Final-Director-PIR23.pdf\" target=\"_blank\" rel=\"noopener\">Resoluci\u00f3n del director del ICAC para la inscripci\u00f3n de los participantes en el Programa de iniciaci\u00f3 a la investigaci\u00f3n en el campo de la arqueolog\u00eda cl\u00e1sica del ICAC para el a\u00f1o 2023 (PIR) (c\u00f3digo 014.4.5)<\/a> (r\u00fabrica manual 28\/03\/2023)<\/p>\n<p><a class=\"icona-pdf\" href=\"https:\/\/icac.cat\/wp-content\/uploads\/2023\/03\/Prop.-provisional-PIR23.pdf\" target=\"_blank\" rel=\"noopener\">Propuesta provisional de inscripci\u00f3n al PIR 2023<\/a>\u00a0(r\u00fabrica manual 21\/03\/2023)<\/p>\n<p><a class=\"icona-pdf\" href=\"https:\/\/icac.cat\/wp-content\/uploads\/2023\/03\/R.-Definitiva-A-E.pdf\" target=\"_blank\" rel=\"noopener\">Relaci\u00f3n definitiva de personas admitidas y excluidas PIR 2023<\/a>\u00a0(r\u00fabrica manual 17\/03\/2023)<\/p>\n<p><a class=\"icona-pdf\" href=\"https:\/\/icac.cat\/wp-content\/uploads\/2023\/03\/014.4.5-Relacio-dadmesos-i-exclosos.-provisonal.pdf\" target=\"_blank\" rel=\"noopener\">Relaci\u00f3n provisional de personas admitidas y excluidas PIR 2023<\/a>\u00a0(r\u00fabrica manual 14\/03\/2023)<\/p>\n<p><a class=\"icona-pdf\" href=\"https:\/\/icac.cat\/wp-content\/uploads\/2023\/02\/Resol.-Director-PIR23.pdf\" target=\"_blank\" rel=\"noopener\">Resoluci\u00f3n del director del ICAC por la cual se apruevan las bases del Programa de iniciaci\u00f3n a la investigaci\u00f3n en el campo de la arqueolog\u00eda cl\u00e1sica del ICAC para 2023 (PIR23) (c\u00f3digo 014.4.5)<\/a>\u00a0(r\u00fabrica manual 21\/02\/2023)<\/p>\n<p>&nbsp;<\/p>\n<p>&nbsp;<\/p>\n","protected":false},"excerpt":{"rendered":"<p>Aqu\u00ed puede consultar la informaci\u00f3n relativa a la convocatoria 2023 del Programa de Iniciaci\u00f3n a la Investigaci\u00f3n (PIR, en sus siglas en catal\u00e1n), dirigido a los estudiantes del M\u00e1ster universitario en Arqueolog\u00eda Cl\u00e1sica Aplicada. Investigaci\u00f3n y Transferencia (URV-ICAC-UAB). &nbsp; Documentaci\u00f3n relacionada: Bases de la convocatoria\u00a0(r\u00fabrica manual 21\/02\/2023) Anexo 1 (solicitud) Anexo 2 (aceptaci\u00f3n de la [&hellip;]<\/p>\n","protected":false},"author":160,"featured_media":69474,"parent":0,"menu_order":0,"comment_status":"closed","ping_status":"closed","template":"","meta":{"_genesis_hide_title":false,"_genesis_hide_breadcrumbs":false,"_genesis_hide_singular_image":false,"_genesis_hide_footer_widgets":false,"_genesis_custom_body_class":"","_genesis_custom_post_class":"","_genesis_layout":""},"_links":{"self":[{"href":"https:\/\/icac.cat\/es\/wp-json\/wp\/v2\/pages\/90855"}],"collection":[{"href":"https:\/\/icac.cat\/es\/wp-json\/wp\/v2\/pages"}],"about":[{"href":"https:\/\/icac.cat\/es\/wp-json\/wp\/v2\/types\/page"}],"author":[{"embeddable":true,"href":"https:\/\/icac.cat\/es\/wp-json\/wp\/v2\/users\/160"}],"replies":[{"embeddable":true,"href":"https:\/\/icac.cat\/es\/wp-json\/wp\/v2\/comments?post=90855"}],"version-history":[{"count":2,"href":"https:\/\/icac.cat\/es\/wp-json\/wp\/v2\/pages\/90855\/revisions"}],"predecessor-version":[{"id":90861,"href":"https:\/\/icac.cat\/es\/wp-json\/wp\/v2\/pages\/90855\/revisions\/90861"}],"wp:featuredmedia":[{"embeddable":true,"href":"https:\/\/icac.cat\/es\/wp-json\/wp\/v2\/media\/69474"}],"wp:attachment":[{"href":"https:\/\/icac.cat\/es\/wp-json\/wp\/v2\/media?parent=90855"}],"curies":[{"name":"wp","href":"https:\/\/api.w.org\/{rel}","templated":true}]}}