{"id":91276,"date":"2024-02-10T17:38:48","date_gmt":"2024-02-10T16:38:48","guid":{"rendered":"https:\/\/icac.cat\/?page_id=91276"},"modified":"2026-03-30T16:32:43","modified_gmt":"2026-03-30T14:32:43","slug":"sistema-alertas-interno","status":"publish","type":"page","link":"https:\/\/icac.cat\/es\/quienes-somos\/portal-de-la-transparencia\/sistema-alertas-interno\/","title":{"rendered":"Sistema de alertas interno"},"content":{"rendered":"<p>Para dar curso a las diferentes directrices anticorrupci\u00f3n, tanto de la UE como de la Generalitat, el ICAC-CERCA ha impulsado la creaci\u00f3n de un <a href=\"https:\/\/icac.cat\/wp-content\/uploads\/2024\/02\/G019.12-Sistema-Alertes-Intern_ICAC_2024.pdf\" target=\"_blank\" rel=\"noopener\"><b>sistema de alertas interno (buz\u00f3n \u00e9tico)<\/b><\/a>, vinculado y gestionado por el <a href=\"https:\/\/icac.cat\/es\/quienes-somos\/excelencia-en-rh\/codigo-etico-2\/\" target=\"_blank\" rel=\"noopener\">Comit\u00e9 de \u00c9tica<\/a> del Instituto. El objetivo de este canal es facilitar que cualquier persona pueda informar o presentar una queja o denuncia sobre cualquier tipo de infracci\u00f3n normativa, vulneraci\u00f3n del c\u00f3digo de conducta,\u00a0conflictos de integridad en la investigaci\u00f3n, abusos u otras irregularidades que puedan estar ocurriendo dentro del ICAC-CERCA. Con esta medida se pretende garantizar el anonimato de la persona que presenta la denuncia.<\/p>\n<p>La funci\u00f3n b\u00e1sica de este sistema ser\u00e1 recibir alertas, evaluarlas y, en caso de que tengan consistencia, remitirlas a los \u00f3rganos competentes para investigar los hechos o iniciar un procedimiento administrativo sancionador o un procedimiento penal.<\/p>\n<ul>\n<li>Pueden leer en este <strong><a href=\"https:\/\/icac.cat\/wp-content\/uploads\/2024\/02\/G019.12-Sistema-Alertes-Intern_ICAC_2024.pdf\" target=\"_blank\" rel=\"noopener\">documento<\/a>\u00a0<\/strong>toda la informaci\u00f3n sobre el funcionamiento del sistema de alertas internas.<\/li>\n<li>Pueden acceder desde aqu\u00ed al <a href=\"https:\/\/icac.bustiaetica.seu-e.cat\/#\/\" target=\"_blank\" rel=\"noopener\"><strong>canal de alertas<\/strong><\/a>, y encontrar\u00e1n tambi\u00e9n un enlace en la p\u00e1gina principal del sitio web del ICAC-CERCA.<\/li>\n<\/ul>\n","protected":false},"excerpt":{"rendered":"<p>Para dar curso a las diferentes directrices anticorrupci\u00f3n, tanto de la UE como de la Generalitat, el ICAC-CERCA ha impulsado la creaci\u00f3n de un sistema de alertas interno (buz\u00f3n \u00e9tico), vinculado y gestionado por el Comit\u00e9 de \u00c9tica del Instituto. El objetivo de este canal es facilitar que cualquier persona pueda informar o presentar una [&hellip;]<\/p>\n","protected":false},"author":160,"featured_media":0,"parent":21363,"menu_order":199,"comment_status":"closed","ping_status":"closed","template":"","meta":{"_genesis_hide_title":false,"_genesis_hide_breadcrumbs":false,"_genesis_hide_singular_image":false,"_genesis_hide_footer_widgets":false,"_genesis_custom_body_class":"","_genesis_custom_post_class":"","_genesis_layout":""},"_links":{"self":[{"href":"https:\/\/icac.cat\/es\/wp-json\/wp\/v2\/pages\/91276"}],"collection":[{"href":"https:\/\/icac.cat\/es\/wp-json\/wp\/v2\/pages"}],"about":[{"href":"https:\/\/icac.cat\/es\/wp-json\/wp\/v2\/types\/page"}],"author":[{"embeddable":true,"href":"https:\/\/icac.cat\/es\/wp-json\/wp\/v2\/users\/160"}],"replies":[{"embeddable":true,"href":"https:\/\/icac.cat\/es\/wp-json\/wp\/v2\/comments?post=91276"}],"version-history":[{"count":4,"href":"https:\/\/icac.cat\/es\/wp-json\/wp\/v2\/pages\/91276\/revisions"}],"predecessor-version":[{"id":106547,"href":"https:\/\/icac.cat\/es\/wp-json\/wp\/v2\/pages\/91276\/revisions\/106547"}],"up":[{"embeddable":true,"href":"https:\/\/icac.cat\/es\/wp-json\/wp\/v2\/pages\/21363"}],"wp:attachment":[{"href":"https:\/\/icac.cat\/es\/wp-json\/wp\/v2\/media?parent=91276"}],"curies":[{"name":"wp","href":"https:\/\/api.w.org\/{rel}","templated":true}]}}