{"id":97727,"date":"2025-02-03T13:07:42","date_gmt":"2025-02-03T12:07:42","guid":{"rendered":"https:\/\/icac.cat\/?page_id=97727"},"modified":"2025-02-03T13:18:06","modified_gmt":"2025-02-03T12:18:06","slug":"presentacion","status":"publish","type":"page","link":"https:\/\/icac.cat\/es\/servicios\/unidad-de-transferencia-e-impacto-social\/presentacion\/","title":{"rendered":"Presentaci\u00f3n"},"content":{"rendered":"<p>Impulsada por la direcci\u00f3n del centro, se ha puesto en marcha una nueva \u00e1rea de trabajo para potenciar la transferencia y el impacto social de la investigaci\u00f3n del Instituto. La <strong>Unidad de Transferencia e Impacto Social (UTIS)<\/strong> trabaja para definir e implementar una estrategia propia de transferencia del conocimiento, en consonancia con la actividad y los resultados de los tres grupos de investigaci\u00f3n consolidados y financiados del ICAC (MIRMED-GIAC, GIAP, ArPA-LIRA) y sus principales l\u00edneas de investigaci\u00f3n.<\/p>\n<p>La UTIS est\u00e1 formada por Marta Fl\u00f3rez (coordinaci\u00f3n), Gilbert Frigola (proyectos) y Ana Gallego (apoyo administrativo). La misi\u00f3n de la nueva unidad incluye llevar a cabo investigaci\u00f3n en transferencia de la arqueolog\u00eda, as\u00ed como el dise\u00f1o e implementaci\u00f3n de proyectos y acciones que consoliden el impacto social del conocimiento generado por el Instituto, en clave de recursos culturales y desarrollo del territorio.<\/p>\n","protected":false},"excerpt":{"rendered":"<p>Impulsada por la direcci\u00f3n del centro, se ha puesto en marcha una nueva \u00e1rea de trabajo para potenciar la transferencia y el impacto social de la investigaci\u00f3n del Instituto. La Unidad de Transferencia e Impacto Social (UTIS) trabaja para definir e implementar una estrategia propia de transferencia del conocimiento, en consonancia con la actividad y [&hellip;]<\/p>\n","protected":false},"author":1,"featured_media":0,"parent":97723,"menu_order":0,"comment_status":"closed","ping_status":"closed","template":"","meta":{"_genesis_hide_title":false,"_genesis_hide_breadcrumbs":false,"_genesis_hide_singular_image":false,"_genesis_hide_footer_widgets":false,"_genesis_custom_body_class":"","_genesis_custom_post_class":"","_genesis_layout":""},"_links":{"self":[{"href":"https:\/\/icac.cat\/es\/wp-json\/wp\/v2\/pages\/97727"}],"collection":[{"href":"https:\/\/icac.cat\/es\/wp-json\/wp\/v2\/pages"}],"about":[{"href":"https:\/\/icac.cat\/es\/wp-json\/wp\/v2\/types\/page"}],"author":[{"embeddable":true,"href":"https:\/\/icac.cat\/es\/wp-json\/wp\/v2\/users\/1"}],"replies":[{"embeddable":true,"href":"https:\/\/icac.cat\/es\/wp-json\/wp\/v2\/comments?post=97727"}],"version-history":[{"count":1,"href":"https:\/\/icac.cat\/es\/wp-json\/wp\/v2\/pages\/97727\/revisions"}],"predecessor-version":[{"id":97728,"href":"https:\/\/icac.cat\/es\/wp-json\/wp\/v2\/pages\/97727\/revisions\/97728"}],"up":[{"embeddable":true,"href":"https:\/\/icac.cat\/es\/wp-json\/wp\/v2\/pages\/97723"}],"wp:attachment":[{"href":"https:\/\/icac.cat\/es\/wp-json\/wp\/v2\/media?parent=97727"}],"curies":[{"name":"wp","href":"https:\/\/api.w.org\/{rel}","templated":true}]}}